{"id":2,"date":"2016-05-10T03:48:21","date_gmt":"2016-05-10T03:48:21","guid":{"rendered":"http:\/\/hallesche-pferdefreunde.de\/?page_id=2"},"modified":"2022-04-26T07:44:42","modified_gmt":"2022-04-26T07:44:42","slug":"sample-page","status":"publish","type":"page","link":"https:\/\/hallesche-pferdefreunde.de\/?page_id=2","title":{"rendered":"\u00dcber uns"},"content":{"rendered":"\n<p>Seit 2009 haben wir uns gemeinsam mit unseren tollen Pferden und zwischen 40 und 70 Kindern w\u00f6chentlich, im t\u00e4glichen Zusammensein mit den Pferden, unz\u00e4hligen Projekten, Veranstaltungen, Seminaren, vielen gel\u00f6sten Problemen und unglaublicher Freude zu einem sehr ganzheitlich agierenden Verein entwickelt, der wenig mit einem Reitsportverein zu tun hat. Das Erkennen, dass alles mit allem zusammenh\u00e4ngt und dass wir nichts weglassen k\u00f6nnen, f\u00fchrte dazu, dass wir mit den Kindern uns mit Permakultur besch\u00e4ftigen, B\u00e4ume, Kr\u00e4uter, Kartoffeln, Str\u00e4ucher pflanzen, dass wir Boden sanierten, st\u00e4ndig M\u00fcll in unserer Umgebung sammeln, B\u00e4nke f\u00fcr Alle bauten und sie an den Dorfteich stellten, Weiden steckten am Dorfteich.<\/p>\n\n\n\n<figure class=\"wp-block-image size-full\"><img loading=\"lazy\" decoding=\"async\" width=\"800\" height=\"485\" src=\"https:\/\/hallesche-pferdefreunde.de\/wp-content\/uploads\/2021\/09\/20200806_101755-2.jpg\" alt=\"\" class=\"wp-image-414\" srcset=\"https:\/\/hallesche-pferdefreunde.de\/wp-content\/uploads\/2021\/09\/20200806_101755-2.jpg 800w, https:\/\/hallesche-pferdefreunde.de\/wp-content\/uploads\/2021\/09\/20200806_101755-2-300x182.jpg 300w, https:\/\/hallesche-pferdefreunde.de\/wp-content\/uploads\/2021\/09\/20200806_101755-2-768x466.jpg 768w\" sizes=\"auto, (max-width: 800px) 100vw, 800px\" \/><\/figure>\n\n\n\n<p> Begegnungen mit anderen Menschen feiern wir als Bereicherung und wenn doch der Andere mal nicht mitfeiern m\u00f6chte, uns meidet oder beschimpft, dann wissen wir, dass er kein b\u00f6ser Mensch ist, sondern jetzt gerade noch nicht anders kann und vermutlich sehr verletzt und traurig in seinem Innersten ist.<\/p>\n\n\n\n<p><strong>Unsere Vision<\/strong><\/p>\n\n\n\n<p>Erschaffen eines Paradieses mit Wasserfall, See, pl\u00e4tschernder Bachlauf \u00fcber runde Steine und Kr\u00e4uterwiesen, Kartoffelfeld in Permakultur, Obstb\u00fcsche, Obstb\u00e4ume, andere B\u00e4ume \u00fcberall an jedem Weg und an jedem Bach, an jedem Zaun, jeder Zaunpfahl ist ein lebender wundersch\u00f6ner Baum, Z\u00e4une werden \u00fcberfl\u00fcssig, da die Pferde so viel Land haben, dass sie fr\u00fch, mittags und abends f\u00fcr Hafer und M\u00f6hren freiwillig zu uns zur\u00fcckkehren alle Menschen lieben unsere freien Pferde und passen auf sie auf Sie bringen uns ihre Garten\u00e4pfel und M\u00f6hren, Gem\u00fcse sehr gern f\u00fcr unsere Pferde und Hunde in H\u00fclle und F\u00fclle vorbei Kartoffeln stecken und ernten wir mit allen Seebenern, Hallensern gemeinsam und jeder hat reichlich Kartoffeln f\u00fcr das ganze Jahr.<\/p>\n\n\n\n<figure class=\"wp-block-image\"><img loading=\"lazy\" decoding=\"async\" width=\"1024\" height=\"722\" src=\"https:\/\/hallesche-pferdefreunde.de\/wp-content\/uploads\/2019\/03\/Kaninchenbild4-1024x722.jpg\" alt=\"\" class=\"wp-image-102\" srcset=\"https:\/\/hallesche-pferdefreunde.de\/wp-content\/uploads\/2019\/03\/Kaninchenbild4-1024x722.jpg 1024w, https:\/\/hallesche-pferdefreunde.de\/wp-content\/uploads\/2019\/03\/Kaninchenbild4-300x212.jpg 300w, https:\/\/hallesche-pferdefreunde.de\/wp-content\/uploads\/2019\/03\/Kaninchenbild4-768x541.jpg 768w, https:\/\/hallesche-pferdefreunde.de\/wp-content\/uploads\/2019\/03\/Kaninchenbild4-383x270.jpg 383w, https:\/\/hallesche-pferdefreunde.de\/wp-content\/uploads\/2019\/03\/Kaninchenbild4.jpg 1407w\" sizes=\"auto, (max-width: 1024px) 100vw, 1024px\" \/><\/figure>\n\n\n\n<p> Die Schulen und Kinderg\u00e4rten kommen zu uns und wir bieten Lernen im Freien Mathe, Deutsch, Biologie, Erdkunde und jedes Fach l\u00e4sst sich mit Spa\u00df und Freude im Sonnenschein leicht erlernen<br>Wir geben T\u00f6pferkurse, Spinnen, Weben, N\u00e4hen, kochen, basteln, Malen, Kr\u00e4uterkunde, S\u00e4en, Ernten, Permakultur, eigenes Joga finden, eigenen Tanz finden, Meditation mit Pferden, die eigene Ruhe und Kraft finden, sich finden, auch Erwachsene genie\u00dfen es inzwischen mit den Pferden zu sich selbst zu finden und lassen sich auch von den Kindern inspirieren<br>die Kinder zeigen den Erwachsenen sehr gern wie sie spielend zu sich selbst finden<br>Unser mit den Eltern gemeinsam erbauter AbendteuerNaturSpielplatz ist so wundersch\u00f6n und einzigartig geworden, dass alle Schulen und Kinderg\u00e4rten von ganz Halle und Umgebung sich Anregungen bei uns holen, um ihre Schulh\u00f6fe und Kindergartenpl\u00e4tze ebenso sch\u00f6n und bereichernd f\u00fcr alle Kinder zu gestalten<\/p>\n\n\n\n<h2 class=\"wp-block-heading\">Kontakt<\/h2>\n\n\n\n<p>Beate Laue<br>Mobil: 01575 9717695<br>EMail: beate.laue@gmx.de<\/p>\n\n\n\n<p>Postadresse:<br>Hallesche Pferdefreunde e.V.<br>An der Witschke 91<br>06118 Halle-Seeben<\/p>\n\n\n\n<p>Vereinsregisternummer: VR 1070\/ Amtsgericht Stendal <br>Finanzbeh\u00f6rde: Finanzamt Halle (Saale) <br>Steuernummer: 110\/143\/46238<\/p>\n\n\n\n<h2 class=\"wp-block-heading\">Anfahrt<\/h2>\n\n\n\n<h3 class=\"wp-block-heading\">Mit \u00f6ffentlichen Verkehrsmitteln<\/h3>\n\n\n\n<p><strong>S-Bahn<\/strong> bis Halle-Trotha, dann links schmalen Fu\u00dfweg an den Gleisen entlang bis zum Stellwerk, nach rechts \u00fcber den beschrankten Bahn\u00fcbergang, dann gleich rechts.<\/p>\n\n\n\n<p><strong>Stra\u00dfenbahn Linien 3 und 12<\/strong> bis zur Endstation, dann Richtung Petersberg.<br>Am Schild &#8222;Halle-Seeben&#8220; rechts abbiegen, dann hinter der Bahnschranke gleich rechts.<\/p>\n\n\n\n<h3 class=\"wp-block-heading\">Mit dem Auto<\/h3>\n\n\n\n<p>Vom Zoo die Trothaer Stra\u00dfe Richtung Norden, dann rechts halten Richtung Petersberg. Am Schild &#8222;Halle-Seeben&#8220; rechts abbiegen, dann hinter der Bahnschranke gleich rechts.<\/p>\n","protected":false},"excerpt":{"rendered":"<p>Seit 2009 haben wir uns gemeinsam mit unseren tollen Pferden und zwischen 40 und 70 Kindern w\u00f6chentlich, im t\u00e4glichen Zusammensein mit den Pferden, unz\u00e4hligen Projekten, Veranstaltungen, Seminaren, vielen gel\u00f6sten Problemen und unglaublicher Freude zu einem sehr ganzheitlich agierenden Verein entwickelt, der wenig mit einem Reitsportverein zu tun hat. Das Erkennen, dass alles mit allem zusammenh\u00e4ngt und dass wir nichts weglassen k\u00f6nnen, f\u00fchrte dazu, dass wir mit den Kindern uns mit Permakultur besch\u00e4ftigen, B\u00e4ume, Kr\u00e4uter, Kartoffeln, Str\u00e4ucher pflanzen, dass wir Boden&#8230;<\/p>\n<p class=\"read-more\"><a class=\"btn btn-default\" href=\"https:\/\/hallesche-pferdefreunde.de\/?page_id=2\">Weiterlesen<span class=\"screen-reader-text\"> Weiterlesen<\/span><\/a><\/p>\n","protected":false},"author":1,"featured_media":0,"parent":0,"menu_order":3,"comment_status":"closed","ping_status":"open","template":"","meta":{"jetpack_post_was_ever_published":false,"footnotes":""},"class_list":["post-2","page","type-page","status-publish","hentry"],"jetpack_sharing_enabled":true,"jetpack_shortlink":"https:\/\/wp.me\/PaN8jE-2","_links":{"self":[{"href":"https:\/\/hallesche-pferdefreunde.de\/index.php?rest_route=\/wp\/v2\/pages\/2","targetHints":{"allow":["GET"]}}],"collection":[{"href":"https:\/\/hallesche-pferdefreunde.de\/index.php?rest_route=\/wp\/v2\/pages"}],"about":[{"href":"https:\/\/hallesche-pferdefreunde.de\/index.php?rest_route=\/wp\/v2\/types\/page"}],"author":[{"embeddable":true,"href":"https:\/\/hallesche-pferdefreunde.de\/index.php?rest_route=\/wp\/v2\/users\/1"}],"replies":[{"embeddable":true,"href":"https:\/\/hallesche-pferdefreunde.de\/index.php?rest_route=%2Fwp%2Fv2%2Fcomments&post=2"}],"version-history":[{"count":14,"href":"https:\/\/hallesche-pferdefreunde.de\/index.php?rest_route=\/wp\/v2\/pages\/2\/revisions"}],"predecessor-version":[{"id":452,"href":"https:\/\/hallesche-pferdefreunde.de\/index.php?rest_route=\/wp\/v2\/pages\/2\/revisions\/452"}],"wp:attachment":[{"href":"https:\/\/hallesche-pferdefreunde.de\/index.php?rest_route=%2Fwp%2Fv2%2Fmedia&parent=2"}],"curies":[{"name":"wp","href":"https:\/\/api.w.org\/{rel}","templated":true}]}}