{"id":22,"date":"2019-03-10T10:34:25","date_gmt":"2019-03-10T10:34:25","guid":{"rendered":"http:\/\/hallesche-pferdefreunde.de\/?page_id=22"},"modified":"2019-03-11T22:45:53","modified_gmt":"2019-03-11T22:45:53","slug":"unser-konzept","status":"publish","type":"page","link":"https:\/\/hallesche-pferdefreunde.de\/?page_id=22","title":{"rendered":"Unser Konzept"},"content":{"rendered":"\n<h2 class=\"wp-block-heading\"><em>Freie Pferde \u2013 freie Kinder<\/em><\/h2>\n\n\n\n<p>Auf dem R\u00fccken eines Pferdes getragen, \u00fcber endlose Wiesen galoppieren, die Natur, den Wind, die Kraft des Pferdes sp\u00fcren, ist mehr als nur ein M\u00e4dchentraum. <\/p>\n\n\n\n<p>Filme wie \u201eBlack Beauty\u201c, \u201eBibi und Tina\u201c, \u201eOstwind\u201c und unz\u00e4hlige  andere Pferdefilme transportieren dieses unvergleichliche Freiheitsgef\u00fchl. Und  auf dieses Erlebnis m\u00f6chten wir \u201everzichten\u201d? <br>Ja! F\u00fcr einige unserer Kinder f\u00fchlt es sich nach Verzicht an und doch sp\u00fcren sie, dass da etwas anderes, unbekanntes, reizvolles wartet.<\/p>\n\n\n\n<p>Die Ausfl\u00fcge mit unseren Pferden in das umliegende Land waren f\u00fcr alle Kinder immer ein tolles Erlebnis. Aber welchen Preis zahlen die Pferde daf\u00fcr? Wir m\u00f6chten mit den Pferden ab nun eine echte Partnerschaft auf freiwilliger Basis mit einer lebendigen, gleichgestellten Kommunikation aufbauen, statt Befehlsempf\u00e4nger zu sein und benutzt zu werden. \u00dcber Jahrtausende wurden Pferde f\u00fcr die Zwecke von uns Menschen benutzt: in Kriegen gehetzt, bei Wettrennen getrieben, zu unserer Unterhaltung dressiert.<\/p>\n\n\n\n<div class=\"wp-block-image\"><figure class=\"aligncenter\"><img loading=\"lazy\" decoding=\"async\" width=\"407\" height=\"567\" src=\"https:\/\/hallesche-pferdefreunde.de\/wp-content\/uploads\/2019\/03\/Kinderpferdemalerei.jpg\" alt=\"\" class=\"wp-image-104\" srcset=\"https:\/\/hallesche-pferdefreunde.de\/wp-content\/uploads\/2019\/03\/Kinderpferdemalerei.jpg 407w, https:\/\/hallesche-pferdefreunde.de\/wp-content\/uploads\/2019\/03\/Kinderpferdemalerei-215x300.jpg 215w, https:\/\/hallesche-pferdefreunde.de\/wp-content\/uploads\/2019\/03\/Kinderpferdemalerei-194x270.jpg 194w\" sizes=\"auto, (max-width: 407px) 100vw, 407px\" \/><\/figure><\/div>\n\n\n\n<p>Trotzdem gaben sie uns nie auf. Stattdessen gaben sie uns ihre Hingabe und Geduld und erkannten die gro\u00dfen Seelen und die bedingungslose Liebe in uns. Uns ist bewusst, dass Reiten auf Dauer Pferde krank macht und Kinder auch nicht weiter bringt. Denn neue Welten k\u00f6nnen nicht auf alten Glaubensmustern (Pferde sind zum Reiten da) aufgebaut werden.<\/p>\n\n\n\n<p>Unsere Kinder sind sich einig, die \u201e\u00e4lteren\u201c Pferde nicht durch j\u00fcngere auszutauschen. Wir verstehen alle, die das Reiten nicht aufgeben k\u00f6nnen und wollen. Dennoch ist es Zeit, das Reiten in Frage zu stellen. Es gen\u00fcgt neben wissenschaftlichen Untersuchungen ein Blick auf die Statur der Pferde &#8211; der Reiter sitzt auf einer durch Muskeln gest\u00fctzten \u201eH\u00e4ngebr\u00fccke\u201c zwischen vier Beinen &#8211; um zu sehen, wo die gesundheitliche Problematik liegt. <\/p>\n\n\n\n<p>Jetzt sind wir dran, den Pferden etwas zur\u00fcckzugeben: ihren Lebenraum, ihr Herdendasein, ihre Selbstbestimmtheit und ihre W\u00fcrde. Befreien wir die Pferde, befreien wir uns selbst. Befreien wir uns, dann befreien wir auch die Pferde. Denn bewusste freie Menschen achten und erkennen die Natur als Ganzes, alle Tiere und ihre Bed\u00fcrfnisse. Es setzt Zeit in jeder Pferdebegegnung voraus, denn ausgerechnet die kraftvollen, energiegeladenen Pferde sind meisterhafte Energiesparer. Lassen wir uns  auf sie ein, schaffen sie es, durch ihre langsamen Entscheidungen auch uns zu entschleunigen. Nur echte Hingabe, echtes Gewahr sein, echte Freundschaft kann ein neues Bewusstsein in der Begegnung mit den Pferden erm\u00f6glichen, was wiederum nur aus dem freiwilligem Folgen der Pferde kommen kann.<\/p>\n\n\n\n<p>Unsere Pferde haben auf das Nicht-Reiten bisher mit Erleichterung, Neugier und ungeahnter Sanftmut reagiert. Was wir sehen, sind unsere Pferde auf einer Landfl\u00e4che von mindestens 15 Hektar, optimal w\u00e4ren 35 Hektar und mehr, mit Wiese, Wald und See, wo sie sich selbst versorgen und ihrer Bewegungslust jederzeit folgen k\u00f6nnen. Auch wir \u00fcben uns t\u00e4glich in wahrhaftig liebevoller Kommunikation. <\/p>\n\n\n\n<p>Wir freuen uns auf Euch! <br>In Liebe f\u00fcr alle Pferde dieser Erde!<\/p>\n\n\n\n<p>Eure Halleschen Pferdefreunde<br><br><\/p>\n","protected":false},"excerpt":{"rendered":"<p>Freie Pferde \u2013 freie Kinder Auf dem R\u00fccken eines Pferdes getragen, \u00fcber endlose Wiesen galoppieren, die Natur, den Wind, die Kraft des Pferdes sp\u00fcren, ist mehr als nur ein M\u00e4dchentraum. Filme wie \u201eBlack Beauty\u201c, \u201eBibi und Tina\u201c, \u201eOstwind\u201c und unz\u00e4hlige andere Pferdefilme transportieren dieses unvergleichliche Freiheitsgef\u00fchl. Und auf dieses Erlebnis m\u00f6chten wir \u201everzichten\u201d? Ja! F\u00fcr einige unserer Kinder f\u00fchlt es sich nach Verzicht an und doch sp\u00fcren sie, dass da etwas anderes, unbekanntes, reizvolles wartet. Die Ausfl\u00fcge mit unseren Pferden&#8230;<\/p>\n<p class=\"read-more\"><a class=\"btn btn-default\" href=\"https:\/\/hallesche-pferdefreunde.de\/?page_id=22\">Weiterlesen<span class=\"screen-reader-text\"> Weiterlesen<\/span><\/a><\/p>\n","protected":false},"author":1,"featured_media":0,"parent":0,"menu_order":0,"comment_status":"closed","ping_status":"closed","template":"","meta":{"jetpack_post_was_ever_published":false,"footnotes":""},"class_list":["post-22","page","type-page","status-publish","hentry"],"jetpack_sharing_enabled":true,"jetpack_shortlink":"https:\/\/wp.me\/PaN8jE-m","_links":{"self":[{"href":"https:\/\/hallesche-pferdefreunde.de\/index.php?rest_route=\/wp\/v2\/pages\/22","targetHints":{"allow":["GET"]}}],"collection":[{"href":"https:\/\/hallesche-pferdefreunde.de\/index.php?rest_route=\/wp\/v2\/pages"}],"about":[{"href":"https:\/\/hallesche-pferdefreunde.de\/index.php?rest_route=\/wp\/v2\/types\/page"}],"author":[{"embeddable":true,"href":"https:\/\/hallesche-pferdefreunde.de\/index.php?rest_route=\/wp\/v2\/users\/1"}],"replies":[{"embeddable":true,"href":"https:\/\/hallesche-pferdefreunde.de\/index.php?rest_route=%2Fwp%2Fv2%2Fcomments&post=22"}],"version-history":[{"count":8,"href":"https:\/\/hallesche-pferdefreunde.de\/index.php?rest_route=\/wp\/v2\/pages\/22\/revisions"}],"predecessor-version":[{"id":106,"href":"https:\/\/hallesche-pferdefreunde.de\/index.php?rest_route=\/wp\/v2\/pages\/22\/revisions\/106"}],"wp:attachment":[{"href":"https:\/\/hallesche-pferdefreunde.de\/index.php?rest_route=%2Fwp%2Fv2%2Fmedia&parent=22"}],"curies":[{"name":"wp","href":"https:\/\/api.w.org\/{rel}","templated":true}]}}