{"id":25,"date":"2019-03-10T10:36:28","date_gmt":"2019-03-10T10:36:28","guid":{"rendered":"http:\/\/hallesche-pferdefreunde.de\/?page_id=25"},"modified":"2019-03-11T07:26:26","modified_gmt":"2019-03-11T07:26:26","slug":"spenden","status":"publish","type":"page","link":"https:\/\/hallesche-pferdefreunde.de\/?page_id=25","title":{"rendered":"Spenden"},"content":{"rendered":"\n<p>Viel Zeit und Raum f\u00fcr Natur, Tiere und Kinder k\u00f6nnen wir aus eigener Kraft  geben. <\/p>\n\n\n\n<p>Wir freuen uns \u00fcber Material zum Bauen, Pflanzen und auch Futter (z.B. Obst und Gem\u00fcse aus dem eigenen Garten) f\u00fcr die Pferde.<br><br>Jede Spende hilft Projektideen in die Tat umzusetzen, Paradiese zu erschaffen und der Natur, den Tieren und Kindern Raum zur\u00fcckzugeben. Wir sind gemeinn\u00fctzig und stellen bei Bedarf auch sehr gern  Sachspendenquittungen oder Spendenquittungen aus.<\/p>\n\n\n\n<p>Wer in der Sonne und mit Pferden im Blick Lust auf erschaffende T\u00e4tigkeiten an frischer Luft hat, ist bei uns herzlich Willkommen und kann bei uns erleben wie sehr es Spa\u00df macht gemeinsam Naturerlebnisr\u00e4ume zu erschaffen. Junge Menschen, die sonst im Fitnessstudio schwitzen um einen flachen Bauch oder Muskeln zu bekommen, k\u00f6nnen dies bei uns kostenlos und mit sch\u00f6nem uns alle bereicherndem Ergebnis erzielen \ud83d\ude42<br><\/p>\n\n\n\n<p><strong>Spenden gern an:<br>Hallesche Pferdefreunde e.V. <br>IBAN: DE24800537620389319100<\/strong><\/p>\n","protected":false},"excerpt":{"rendered":"<p>Viel Zeit und Raum f\u00fcr Natur, Tiere und Kinder k\u00f6nnen wir aus eigener Kraft geben. Wir freuen uns \u00fcber Material zum Bauen, Pflanzen und auch Futter (z.B. Obst und Gem\u00fcse aus dem eigenen Garten) f\u00fcr die Pferde. Jede Spende hilft Projektideen in die Tat umzusetzen, Paradiese zu erschaffen und der Natur, den Tieren und Kindern Raum zur\u00fcckzugeben. Wir sind gemeinn\u00fctzig und stellen bei Bedarf auch sehr gern Sachspendenquittungen oder Spendenquittungen aus. Wer in der Sonne und mit Pferden im Blick&#8230;<\/p>\n<p class=\"read-more\"><a class=\"btn btn-default\" href=\"https:\/\/hallesche-pferdefreunde.de\/?page_id=25\">Weiterlesen<span class=\"screen-reader-text\"> Weiterlesen<\/span><\/a><\/p>\n","protected":false},"author":1,"featured_media":0,"parent":0,"menu_order":4,"comment_status":"closed","ping_status":"closed","template":"","meta":{"jetpack_post_was_ever_published":false,"footnotes":""},"class_list":["post-25","page","type-page","status-publish","hentry"],"jetpack_sharing_enabled":true,"jetpack_shortlink":"https:\/\/wp.me\/PaN8jE-p","_links":{"self":[{"href":"https:\/\/hallesche-pferdefreunde.de\/index.php?rest_route=\/wp\/v2\/pages\/25","targetHints":{"allow":["GET"]}}],"collection":[{"href":"https:\/\/hallesche-pferdefreunde.de\/index.php?rest_route=\/wp\/v2\/pages"}],"about":[{"href":"https:\/\/hallesche-pferdefreunde.de\/index.php?rest_route=\/wp\/v2\/types\/page"}],"author":[{"embeddable":true,"href":"https:\/\/hallesche-pferdefreunde.de\/index.php?rest_route=\/wp\/v2\/users\/1"}],"replies":[{"embeddable":true,"href":"https:\/\/hallesche-pferdefreunde.de\/index.php?rest_route=%2Fwp%2Fv2%2Fcomments&post=25"}],"version-history":[{"count":5,"href":"https:\/\/hallesche-pferdefreunde.de\/index.php?rest_route=\/wp\/v2\/pages\/25\/revisions"}],"predecessor-version":[{"id":88,"href":"https:\/\/hallesche-pferdefreunde.de\/index.php?rest_route=\/wp\/v2\/pages\/25\/revisions\/88"}],"wp:attachment":[{"href":"https:\/\/hallesche-pferdefreunde.de\/index.php?rest_route=%2Fwp%2Fv2%2Fmedia&parent=25"}],"curies":[{"name":"wp","href":"https:\/\/api.w.org\/{rel}","templated":true}]}}