{"id":305,"date":"2019-12-03T21:01:40","date_gmt":"2019-12-03T21:01:40","guid":{"rendered":"http:\/\/hallesche-pferdefreunde.de\/?page_id=305"},"modified":"2020-02-04T21:33:10","modified_gmt":"2020-02-04T21:33:10","slug":"beas-vision","status":"publish","type":"page","link":"https:\/\/hallesche-pferdefreunde.de\/?page_id=305","title":{"rendered":"Beas Vision"},"content":{"rendered":"\n<p> Pferde frei lassen ist sicher der innigste Wunsch eines jeden Pferdemenschen. Meiner ist es! Auch hier legt Maksida vor und er\u00f6ffnet hiermit uns Allen das Tor das Tr\u00e4ume war werden:<\/p>\n\n\n\n<figure class=\"wp-block-embed-youtube wp-block-embed is-type-video is-provider-youtube wp-embed-aspect-16-9 wp-has-aspect-ratio\"><div class=\"wp-block-embed__wrapper\">\n<span class=\"embed-youtube\" style=\"text-align:center; display: block;\"><iframe loading=\"lazy\" class=\"youtube-player\" width=\"640\" height=\"360\" src=\"https:\/\/www.youtube.com\/embed\/rPaqS_8hL60?version=3&#038;rel=1&#038;showsearch=0&#038;showinfo=1&#038;iv_load_policy=1&#038;fs=1&#038;hl=de-DE&#038;autohide=2&#038;wmode=transparent\" allowfullscreen=\"true\" style=\"border:0;\" sandbox=\"allow-scripts allow-same-origin allow-popups allow-presentation allow-popups-to-escape-sandbox\"><\/iframe><\/span>\n<\/div><\/figure>\n\n\n\n<p>Ihr Buch: \u201eBefreie Dein Pferd, befreie Dich selbst\u201c ein Meisterwerk, wo schon der Titel alles aussagt. Meine Vision m\u00f6chte noch einen Ort finden. 100 Hektar ist auch f\u00fcr unsere 9 Pferde eine sch\u00f6ne Gr\u00f6\u00dfe und l\u00e4sst mich sofort tr\u00e4umen.<\/p>\n\n\n\n<p>Das Land braucht auch nicht mir zu geh\u00f6ren, denn in meiner Wahrheit k\u00f6nnen wir Land nicht besitzen. Das ist ein Irrglaube der Menschheit. Entweder geh\u00f6rt das Land allen oder keinem \u2013 sch\u00f6ner nat\u00fcrlich das innere Wissen, das wir uns das Land von unseren Kindern nur geborgt haben und es geh\u00f6rt Mutter Erde.<\/p>\n\n\n\n<p>Mein tiefer Wunsch ist es, dass uns Land gegeben wird, weil jemand oder viele Menschen unsere Vision teilen &#8211; vielleicht auch \u00fcber einen Zusammenschluss von vielen Pferdemenschen, die all ihr Geld, all \u201eihr\u201c Land einfach zusammen tun und dann die Pferde vereinen und die Menschen gleich mit.<\/p>\n\n\n\n<p>Wenn wir f\u00fchlen, Visionen teilen und daraus neu denken, ist alles m\u00f6glich. Die Welt war noch nie so voller M\u00f6glichkeiten. Finanzierungen \u00fcber Crowd, \u00fcber Naturschutz mit Pferden, Menschen begeistern \u00fcber Internet, Schulprojekte im Freien, Landschaften neu gestalten mit Permakultur und B\u00e4ume pflanzen \u2013 gebt uns Land &#8211; wir machen was draus. Kinder und Jugendliche machen mit und lernen in Projekten (Finnland hat die Schulf\u00e4cher abgeschafft \u2013 sie lernen nur noch Fach \u00fcbergreifend in Projekten) Die Natur und jedes Projekt in ihr ist Mathe, Physik, Biologie, Chemie, Poesie also Deutsch, Sport in Bewegung sowieso, Kunst und Musik ist \u00fcberall und Sprachen kommen durch ausl\u00e4ndische Gastkinder, die in Deutschland erfahren m\u00f6chten wie lernen aus Freude geht und dies in ihre L\u00e4nder tragen.<\/p>\n\n\n\n<p>Klingt nach Spinnerei? Was haben wir derzeit? Eingesperrte Pferde, eingesperrte Kinder mit Bauch und Kopfschmerzen durch Leistungsdruck im auswendig lernen! Ungl\u00fcckliche Kinder und gestresste genervte Eltern, die nach der harten Arbeit sich auch noch um Hausaufgaben k\u00fcmmern und das Gef\u00fchl haben Druck f\u00fcr gute Noten machen zu m\u00fcssen aus purer Angst, dass sonst aus ihrem Kind nichts wird.<\/p>\n\n\n\n<p>\nWir\nhaben die Wahl.<\/p>\n\n\n\n<p>Jahrtausende haben Pferde immer an unserer Seite gestanden, alles f\u00fcr uns getragen und ertragen auf allen Ebenen. Sie haben uns unter Blut und Schwei\u00df in ferne L\u00e4nder gebracht, Kontinente erschlossen, in jeder Schlacht sind sie brutal f\u00fcr uns gestorben in den schrecklichsten Kriegen. Wir haben sie geschlagen, geschunden und dann aufgegessen. Wir haben sie als Wesen v\u00f6llig ignoriert und ihre \u00fcbergro\u00dfe Liebe f\u00fcr uns kaum oder selten sehen k\u00f6nnen. Wir haben ihnen alles genommen, den Lebensraum,die Freiheit, ihr Recht auf eine Herde, ihre W\u00fcrde\u2026..<\/p>\n\n\n\n<p>Wenn jemand auf diesem Planeten in allen Zeiten und jedem Raum benutzt wurde, dann die Pferde. Und was haben sie f\u00fcr uns trotz allem damals wie heute und durch alle Zeiten &#8211; Liebe und unendliche Geduld. Diese gro\u00dfen sanften, stummen, kraftvollen, pr\u00e4senten Wesen, die nur durch ihren Anblick jedem, der sich auf sie einl\u00e4sst, augenblicklich Frieden, Ruhe, Kraft und Zauber verleiht.<\/p>\n\n\n\n<p>Zeit etwas zur\u00fcck zu geben. Den Anfang kann jeder gleich hier und jetzt f\u00fcr sich selbst und die Pferde machen \u2013 ihnen das geben, was sich alle Tiere von uns w\u00fcnschen: gesehen werden! Stellt Euch vor wie Ihr Pferde pl\u00f6tzlich sehen k\u00f6nnt, f\u00fchlen k\u00f6nnt, seht ihren Zauber! Geht in Kontakt \u2013 gleich jetzt und hier wo ihr seid \u2013 sie sp\u00fcren das, weil alles mit allem verbunden ist.<\/p>\n\n\n\n<p>Achtsamkeit und Kommunikation auf Augenh\u00f6he \u2013 vom Befehlsempf\u00e4nger zu echtem Kontakt und beidseitiger Kommunikation mit der Wahl auch mal nein sagen zu d\u00fcrfen. Das ist das, was Pferde immer von uns wollten leise, geduldig, gewitzt, friedlich und in Ruhe mit viel Zeit in wahren Kontakt kommen mit den wunderbaren Menschen, die den Pferden so viel geben k\u00f6nnen\u2026.<\/p>\n\n\n\n<p>Wenn wir alle die Pferde in ihrer wahren Gr\u00f6\u00dfe und einzigartigen Sanftmut gesehen haben, dann wollen wir sie alle nur noch frei lassen in ihre Selbstbestimmtheit. Wir haben in unserem langen Prozess mit unseren Pferden hier in Halle an der Saale, sie seit Dezember 2018 vom reiten befreit und ihnen die erste Freiheit geschenkt, jetzt ist der Raum dran, dass sie wieder ganz Pferd sein d\u00fcrfen, selbstbestimmt ihr Futter sammeln k\u00f6nnen, dass sie brauchen, und sich mit dem Wind in der M\u00e4hne mit ihrer wahren St\u00e4rke zu verbinden.<\/p>\n\n\n\n<p>Ich f\u00fchle hier jeden Tag wie sie raus wollen, einfach los galoppieren, jenseits von Stra\u00dfen, Feldern, Grundst\u00fccksgr\u00f6\u00dfen, menschlichen Grenzen und \u00c4ngsten\u2026.<\/p>\n\n\n\n<p>Sie wollen nach so viel Muss und Zwang, nach so viel Begrenzung, Mangel in Allem und unsagbaren Entbehrungen endlich wieder die Erde unter den F\u00fc\u00dfen sp\u00fcren, Raum sp\u00fcren, Herde erleben und in die Weite blicken.  K\u00f6nnt Ihr das sp\u00fcren? F\u00fcr mich kaum aushaltbar und die Geduld mit der sie auch jetzt wieder warten, dass wir uns endlich auf die Reihe bekommen \u2013 unbeschreiblich!<\/p>\n\n\n\n<p>Wer teilt meine Vision? Wer m\u00f6chte Pferde frei lassen und mit ihnen frei sein? Wer hat Land? Wer hat Ideen? Wer hat Kontakte?<\/p>\n\n\n\n<p>Wer m\u00f6chte uns finanziell unterst\u00fctzen? Gern auch \u00fcber Patenschaften, Futterspenden, Sachspenden, praktische Wissensvermittlung in allen nat\u00fcrlichen Bereichen auch f\u00fcr Kinder. Ich gebe gern Seminare \u00fcber Lebensgl\u00fcck, Ern\u00e4hrung , lernen aus Freude, alles aus meinem reichhaltigem Erfahrungsschatz durch Pferde \u00fcber Menschen mit ganz pers\u00f6nlichen Geschichten aus meinem Leben und Erfahrungen, die vieles schonungslos zeigen und offen legen.  <\/p>\n\n\n\n<p>Erkenntnisse und Einblicke in ein Leben in dem ich von Tieren lernen durfte, was ich von den Menschen nicht mehr lernen und wissen wollte. Die Tiere gaben mir die Liebe zu den Menschen wieder und daf\u00fcr bin ich unendlich dankbar\u2026.<\/p>\n\n\n\n<p>Ganz lieben Dank im Namen der sanften geduldigen Fellnasen.<\/p>\n\n\n\n<p>Weitere Informationen unter <a href=\"http:\/\/bea.latiko.de\">http:\/\/bea.latiko.de<\/a><\/p>\n","protected":false},"excerpt":{"rendered":"<p>Pferde frei lassen ist sicher der innigste Wunsch eines jeden Pferdemenschen. Meiner ist es! Auch hier legt Maksida vor und er\u00f6ffnet hiermit uns Allen das Tor das Tr\u00e4ume war werden: Ihr Buch: \u201eBefreie Dein Pferd, befreie Dich selbst\u201c ein Meisterwerk, wo schon der Titel alles aussagt. Meine Vision m\u00f6chte noch einen Ort finden. 100 Hektar ist auch f\u00fcr unsere 9 Pferde eine sch\u00f6ne Gr\u00f6\u00dfe und l\u00e4sst mich sofort tr\u00e4umen. Das Land braucht auch nicht mir zu geh\u00f6ren, denn in meiner&#8230;<\/p>\n<p class=\"read-more\"><a class=\"btn btn-default\" href=\"https:\/\/hallesche-pferdefreunde.de\/?page_id=305\">Weiterlesen<span class=\"screen-reader-text\"> Weiterlesen<\/span><\/a><\/p>\n","protected":false},"author":1,"featured_media":0,"parent":0,"menu_order":0,"comment_status":"closed","ping_status":"closed","template":"","meta":{"jetpack_post_was_ever_published":false,"footnotes":""},"class_list":["post-305","page","type-page","status-publish","hentry"],"jetpack_sharing_enabled":true,"jetpack_shortlink":"https:\/\/wp.me\/PaN8jE-4V","_links":{"self":[{"href":"https:\/\/hallesche-pferdefreunde.de\/index.php?rest_route=\/wp\/v2\/pages\/305","targetHints":{"allow":["GET"]}}],"collection":[{"href":"https:\/\/hallesche-pferdefreunde.de\/index.php?rest_route=\/wp\/v2\/pages"}],"about":[{"href":"https:\/\/hallesche-pferdefreunde.de\/index.php?rest_route=\/wp\/v2\/types\/page"}],"author":[{"embeddable":true,"href":"https:\/\/hallesche-pferdefreunde.de\/index.php?rest_route=\/wp\/v2\/users\/1"}],"replies":[{"embeddable":true,"href":"https:\/\/hallesche-pferdefreunde.de\/index.php?rest_route=%2Fwp%2Fv2%2Fcomments&post=305"}],"version-history":[{"count":2,"href":"https:\/\/hallesche-pferdefreunde.de\/index.php?rest_route=\/wp\/v2\/pages\/305\/revisions"}],"predecessor-version":[{"id":321,"href":"https:\/\/hallesche-pferdefreunde.de\/index.php?rest_route=\/wp\/v2\/pages\/305\/revisions\/321"}],"wp:attachment":[{"href":"https:\/\/hallesche-pferdefreunde.de\/index.php?rest_route=%2Fwp%2Fv2%2Fmedia&parent=305"}],"curies":[{"name":"wp","href":"https:\/\/api.w.org\/{rel}","templated":true}]}}