{"id":309,"date":"2019-12-03T21:09:48","date_gmt":"2019-12-03T21:09:48","guid":{"rendered":"http:\/\/hallesche-pferdefreunde.de\/?page_id=309"},"modified":"2019-12-03T21:12:11","modified_gmt":"2019-12-03T21:12:11","slug":"tierpatenschaften-und-futterspenden","status":"publish","type":"page","link":"https:\/\/hallesche-pferdefreunde.de\/?page_id=309","title":{"rendered":"Tierpatenschaften und Futterspenden"},"content":{"rendered":"\n<p>Wir haben hier einen hohen Anspruch an artgerechte Haltung, Futter und Gesundheit. Pferde sind sehr anspruchsvoll in ihrer nat\u00fcrlichen Nahrungsaufnahme. Ihr Speiseplan ist sehr vielseitig und vieles von dem was sie in der Natur suchen w\u00fcrden, k\u00f6nnen sie in einer Box gar nicht und auf kleinen artenarmen \u00fcbernutzten Wiesenfl\u00e4chen nicht finden. Wir bem\u00fchen uns schon seit Jahren gr\u00f6\u00dfere Koppelfl\u00e4chen zu bekommen. Doch die heutige Landwirtschaft sind nach eigenen Angaben hier: \u201eSklaven ihrer Subventionen.\u201c Das hei\u00dft sie k\u00f6nnen kein Land f\u00fcr Hobbypferde herausgeben, dann verlieren sie Subventionen\u2026.<\/p>\n\n\n\n<p>Daher gleichen wir den Mangel an nat\u00fcrlichen Nahrungsmitteln bei unseren Pferden aus und f\u00fcttern neben artenreichem Bergwiesenheu aus dem Harz, Luzerne aus der D\u00fcbener Heide, Sonnenblumenkerne, Obst und Gem\u00fcse Bio und konventionell, am liebsten aus dem Garten. Hierzu kommen gesammelte Kr\u00e4uter, Bl\u00e4tter, Zweige oder im Winter gekaufte Einzelkr\u00e4uter (z.B. Ackerschachtelhalm, Kamille, Fenchel, Thymian, Ringelblume, L\u00f6wenzahn, Beifu\u00df, \u2026.) Wir entwurmen sehr erfolgreich mit Kieselerde (auch Diatomeenerde genannt) und entgiften mit Zeolith und Bentonit oder dem Ton aus unserem Tonloch.<\/p>\n\n\n\n<p>Alle diese wunderbaren Pflanzen werden mit viel Aufwand gesammelt oder gepresst und hier her gefahren. Unser stetiges Bestreben gilt es die Wege zu verk\u00fcrzen und im Idealfall so gro\u00dfe und vielf\u00e4ltige Fl\u00e4chen f\u00fcr die Pferde zu haben, dass sie sich alle Kr\u00e4uter, Pflanzen und Bl\u00e4tter, Geh\u00f6lze zu jeder Jahreszeit selbst sammeln k\u00f6nnen. Auch den Pferden w\u00e4re diese Variante die liebste, da sie nicht von uns und unseren Ideen von F\u00fctterung abh\u00e4ngig w\u00e4ren und sich zu jeder Zeit das suchen k\u00f6nnen was sie gerade brauchen. <\/p>\n\n\n\n<p>Liebe Tierfreunde Ihr d\u00fcrft uns sehr gern unterst\u00fctzen und unsere Pferde gl\u00fccklich machen, auch sehr gern selbst f\u00fcttern! Wer einmal gesehen hat wie gierig und mit gro\u00dfer Freude die Pferde Obst und Gem\u00fcse und auch Kr\u00e4uter weg mampfen, der w\u00fcnschte sich diesen Reichtum t\u00e4glich f\u00fcr diese wundervollen Tiere.<\/p>\n\n\n\n<p>Ihr k\u00f6nnt also sehr gern <strong>Tierpate<\/strong> werden ohne Vertr\u00e4ge oder Laufzeiten und uns, im Futterangebot und in unseren Projekten f\u00fcr die Natur und die Kinder unterst\u00fctzen:<\/p>\n\n\n\n<ul class=\"wp-block-list\"><li><strong> F\u00fcr den kleinen Geldbeutel: 50 Euro im Monat  <\/strong><\/li><li><strong> F\u00fcr die, die noch mehr Geld geben k\u00f6nnen: 100 Euro im Monat<\/strong><\/li><\/ul>\n\n\n\n<p>Und Ihr k\u00f6nnt von montags bis samstags zu Eurem <em>WahlGl\u00fccksPferd<\/em> kommen und putzen, f\u00fcttern und spazieren gehen, verw\u00f6hnen, mit Ton bemalen, frisieren, massieren, meditieren, sich verbinden, echten Kontakt finden und so so viel \u00fcber Euch selbst erfahren\u2026.<\/p>\n\n\n\n<p>Diese Begegnungen empfinden wir selbst f\u00fcr uns als unbezahlbar  \ud83d\ude42<\/p>\n\n\n\n<p>Ihr unterst\u00fctzt uns erheblich bei Qualit\u00e4tsfutter, Gesundheit und Naturraum zur\u00fcckgeben, kleine Paradiese erschaffen. Ihr k\u00f6nnt auch sehr gern <strong>Futterspenden<\/strong> abgeben aus dem Garten, Abf\u00e4lle aus der K\u00fcche am liebsten Bio, die Pferde freuen sich auch \u00fcber konventionelles:<\/p>\n\n\n\n<ul class=\"wp-block-list\"><li>Alle Kr\u00e4uter <br>Einzeln \u2013 keine Mischungen! Damit Pferde das w\u00e4hlen k\u00f6nnen, was sie gerade brauchen.<\/li><li>Alle Gem\u00fcse<\/li><li>Alles an Obst<\/li><\/ul>\n\n\n\n<p>Die Pferde haben intakte Essinstinkte und d\u00fcrfen alles essen was unverarbeitet ist oder einfach gesagt, was in der Natur so auch w\u00e4chst. Sonnenblumenkerne mit und ohne Schale, Hafer, Luzerne, Heu nehmen wir nat\u00fcrlich auch in jeder Form und jeder Masse \ud83d\ude42<\/p>\n\n\n\n<p>Ganz lieben Dank im Namen der gl\u00fccklichen Fellnasen.<\/p>\n","protected":false},"excerpt":{"rendered":"<p>Wir haben hier einen hohen Anspruch an artgerechte Haltung, Futter und Gesundheit. Pferde sind sehr anspruchsvoll in ihrer nat\u00fcrlichen Nahrungsaufnahme. Ihr Speiseplan ist sehr vielseitig und vieles von dem was sie in der Natur suchen w\u00fcrden, k\u00f6nnen sie in einer Box gar nicht und auf kleinen artenarmen \u00fcbernutzten Wiesenfl\u00e4chen nicht finden. Wir bem\u00fchen uns schon seit Jahren gr\u00f6\u00dfere Koppelfl\u00e4chen zu bekommen. Doch die heutige Landwirtschaft sind nach eigenen Angaben hier: \u201eSklaven ihrer Subventionen.\u201c Das hei\u00dft sie k\u00f6nnen kein Land f\u00fcr&#8230;<\/p>\n<p class=\"read-more\"><a class=\"btn btn-default\" href=\"https:\/\/hallesche-pferdefreunde.de\/?page_id=309\">Weiterlesen<span class=\"screen-reader-text\"> Weiterlesen<\/span><\/a><\/p>\n","protected":false},"author":1,"featured_media":0,"parent":0,"menu_order":0,"comment_status":"closed","ping_status":"closed","template":"","meta":{"jetpack_post_was_ever_published":false,"footnotes":""},"class_list":["post-309","page","type-page","status-publish","hentry"],"jetpack_sharing_enabled":true,"jetpack_shortlink":"https:\/\/wp.me\/PaN8jE-4Z","_links":{"self":[{"href":"https:\/\/hallesche-pferdefreunde.de\/index.php?rest_route=\/wp\/v2\/pages\/309","targetHints":{"allow":["GET"]}}],"collection":[{"href":"https:\/\/hallesche-pferdefreunde.de\/index.php?rest_route=\/wp\/v2\/pages"}],"about":[{"href":"https:\/\/hallesche-pferdefreunde.de\/index.php?rest_route=\/wp\/v2\/types\/page"}],"author":[{"embeddable":true,"href":"https:\/\/hallesche-pferdefreunde.de\/index.php?rest_route=\/wp\/v2\/users\/1"}],"replies":[{"embeddable":true,"href":"https:\/\/hallesche-pferdefreunde.de\/index.php?rest_route=%2Fwp%2Fv2%2Fcomments&post=309"}],"version-history":[{"count":2,"href":"https:\/\/hallesche-pferdefreunde.de\/index.php?rest_route=\/wp\/v2\/pages\/309\/revisions"}],"predecessor-version":[{"id":313,"href":"https:\/\/hallesche-pferdefreunde.de\/index.php?rest_route=\/wp\/v2\/pages\/309\/revisions\/313"}],"wp:attachment":[{"href":"https:\/\/hallesche-pferdefreunde.de\/index.php?rest_route=%2Fwp%2Fv2%2Fmedia&parent=309"}],"curies":[{"name":"wp","href":"https:\/\/api.w.org\/{rel}","templated":true}]}}