{"id":42,"date":"2019-03-10T13:38:29","date_gmt":"2019-03-10T13:38:29","guid":{"rendered":"http:\/\/hallesche-pferdefreunde.de\/?page_id=42"},"modified":"2023-09-06T11:57:27","modified_gmt":"2023-09-06T11:57:27","slug":"verein","status":"publish","type":"page","link":"https:\/\/hallesche-pferdefreunde.de\/?page_id=42","title":{"rendered":"Unser Verein"},"content":{"rendered":"\n<p>Das Vereinskonzept:<br><a rel=\"noreferrer noopener\" aria-label=\" (opens in a new tab)\" href=\"https:\/\/hallesche-pferdefreunde.de\/wp-content\/uploads\/2019\/03\/PSV_Vereinskonzept.pdf\" target=\"_blank\">https:\/\/hallesche-pferdefreunde.de\/wp-content\/uploads\/2019\/03\/PSV_Vereinskonzept.pdf<\/a><\/p>\n\n\n\n<p>Alle Vereinskinder k\u00f6nnen das ganze Jahr von Montag bis Samstag (<strong>au\u00dfer in den Ferien und an Feiertagen<\/strong>) hier sein und unsere Tiere und den Naturerlebnisraum mit allen Sinnen genie\u00dfen und toben bis die Sonne untergeht oder am offenen Feuer abends zur Ruhe kommen. <br>Kosten Mitgliedschaft: 40 Euro im Monat.<\/p>\n\n\n\n<p>In den Ferien bieten wir Extraferienprogramme an und laden alle Kinder recht herzlich ein den Pferden und der Natur ganzt\u00e4gig zu lauschen, einzutauchen und sich von einzigartigen Tieren verzaubern zu lassen.<\/p>\n\n\n\n<p>Wir danken Euch f\u00fcr Euer Vertrauen und Eure finanzielle Unterst\u00fctzung an unseren Projekten und vor allem an den Kosten f\u00fcr unsere immer freieren Tiere. <\/p>\n\n\n\n<p>Satzung:<br><a href=\"https:\/\/hallesche-pferdefreunde.de\/wp-content\/uploads\/2022\/12\/Satzung2020.pdf\" data-type=\"attachment\" data-id=\"566\" target=\"_blank\" rel=\"noreferrer noopener\">Vereins-Satzung<\/a><\/p>\n\n\n\n<p>Mitglied-Vereinbarungserkl\u00e4rung:<br><a href=\"https:\/\/hallesche-pferdefreunde.de\/wp-content\/uploads\/2020\/02\/Mitglied_Vereinbarungserkl\u00e4rung.pdf\">Mitglied_Vereinbarungserkl\u00e4rung.pdf<\/a><\/p>\n\n\n\n<p>Vereinsregisternummer: <br>VR 1070\/ Amtsgericht Stendal<\/p>\n\n\n\n<p>Finanzbeh\u00f6rde: Finanzamt Halle (Saale)<br>Steuernummer: 110\/143\/46238<\/p>\n","protected":false},"excerpt":{"rendered":"<p>Das Vereinskonzept:https:\/\/hallesche-pferdefreunde.de\/wp-content\/uploads\/2019\/03\/PSV_Vereinskonzept.pdf Alle Vereinskinder k\u00f6nnen das ganze Jahr von Montag bis Samstag (au\u00dfer in den Ferien und an Feiertagen) hier sein und unsere Tiere und den Naturerlebnisraum mit allen Sinnen genie\u00dfen und toben bis die Sonne untergeht oder am offenen Feuer abends zur Ruhe kommen. Kosten Mitgliedschaft: 40 Euro im Monat. In den Ferien bieten wir Extraferienprogramme an und laden alle Kinder recht herzlich ein den Pferden und der Natur ganzt\u00e4gig zu lauschen, einzutauchen und sich von einzigartigen Tieren verzaubern&#8230;<\/p>\n<p class=\"read-more\"><a class=\"btn btn-default\" href=\"https:\/\/hallesche-pferdefreunde.de\/?page_id=42\">Weiterlesen<span class=\"screen-reader-text\"> Weiterlesen<\/span><\/a><\/p>\n","protected":false},"author":1,"featured_media":0,"parent":0,"menu_order":0,"comment_status":"closed","ping_status":"closed","template":"","meta":{"jetpack_post_was_ever_published":false,"footnotes":""},"class_list":["post-42","page","type-page","status-publish","hentry"],"jetpack_sharing_enabled":true,"jetpack_shortlink":"https:\/\/wp.me\/PaN8jE-G","_links":{"self":[{"href":"https:\/\/hallesche-pferdefreunde.de\/index.php?rest_route=\/wp\/v2\/pages\/42","targetHints":{"allow":["GET"]}}],"collection":[{"href":"https:\/\/hallesche-pferdefreunde.de\/index.php?rest_route=\/wp\/v2\/pages"}],"about":[{"href":"https:\/\/hallesche-pferdefreunde.de\/index.php?rest_route=\/wp\/v2\/types\/page"}],"author":[{"embeddable":true,"href":"https:\/\/hallesche-pferdefreunde.de\/index.php?rest_route=\/wp\/v2\/users\/1"}],"replies":[{"embeddable":true,"href":"https:\/\/hallesche-pferdefreunde.de\/index.php?rest_route=%2Fwp%2Fv2%2Fcomments&post=42"}],"version-history":[{"count":10,"href":"https:\/\/hallesche-pferdefreunde.de\/index.php?rest_route=\/wp\/v2\/pages\/42\/revisions"}],"predecessor-version":[{"id":651,"href":"https:\/\/hallesche-pferdefreunde.de\/index.php?rest_route=\/wp\/v2\/pages\/42\/revisions\/651"}],"wp:attachment":[{"href":"https:\/\/hallesche-pferdefreunde.de\/index.php?rest_route=%2Fwp%2Fv2%2Fmedia&parent=42"}],"curies":[{"name":"wp","href":"https:\/\/api.w.org\/{rel}","templated":true}]}}