{"id":454,"date":"2022-04-26T07:58:36","date_gmt":"2022-04-26T07:58:36","guid":{"rendered":"https:\/\/hallesche-pferdefreunde.de\/?page_id=454"},"modified":"2023-01-31T13:09:48","modified_gmt":"2023-01-31T13:09:48","slug":"eure-hilfe","status":"publish","type":"page","link":"https:\/\/hallesche-pferdefreunde.de\/?page_id=454","title":{"rendered":"Eure Hilfe"},"content":{"rendered":"\n<p>Helft uns, die Umgebung zu versch\u00f6nern, den Fellnasen ihren Lebensraum so sch\u00f6n wie m\u00f6glich zu gestalten und f\u00fcr die Kinder eine tolle Umgebung zu schaffen.<\/p>\n\n\n\n<p>+++ Aktuell +++<\/p>\n\n\n\n<p>M\u00e4nner gesucht!<br>Hier quasi um uns herum liegen \u00fcberall gro\u00dfe Steine. Mir sind die viel zu schwer aber wir brauchen sie um unsere B\u00e4ume vor Pferdetritten zu sch\u00fctzen.<br>Gibt es M\u00e4nner, die sich an einem Samstag(?) mal treffen und diese Steine rein holen wollen?<br>Entdeckt die Herkuleskr\u00e4fte in Euch :o)<\/p>\n\n\n\n<p>Euch k\u00f6rperliche Fitness an frischer Luft und ein warmes Essen und<br>gro\u00dfen Dank von uns und dem Ort<\/p>\n\n\n\n<p><strong>Was wir immer brauchen:<\/strong><\/p>\n\n\n\n<ul class=\"wp-block-list\">\n<li><strong>Solarpanele<\/strong>, <strong>Laderegleregler<\/strong> und funktionierende Autobatterien<br>&#8230; und einen der das anschlie\u00dft. Wir wollen eine autarke Stromversorgung realisieren<\/li>\n\n\n\n<li><strong>Holz<\/strong> in jeder Form<\/li>\n\n\n\n<li><strong>Natursteine<\/strong> jeder Art und Gr\u00f6\u00dfe, Schotter, Kiese, Sande<\/li>\n\n\n\n<li><strong>Holzhackschnitzel<\/strong> &#8211; vor allem auch f\u00fcr die Trockenlegung der Wege hier<\/li>\n\n\n\n<li><strong>Sch\u00fcsseln<\/strong> aus Keramik, Holz, Bambus oder Naturmaterialien (kein Plaste, kein Metall)<\/li>\n\n\n\n<li><strong>Badewannen<\/strong> &#8211; eine f\u00fcr uns, 2 f\u00fcr Pferdetr\u00e4nken und eine als Futterkrippe f\u00fcr die Ponys<br>(m\u00f6glichst Emalie)<\/li>\n\n\n\n<li><strong>Obst und Gem\u00fcse<\/strong> f\u00fcr die Kinder &#8211; immer volle Obstteller und sie stopfen sich nichts anderes hinein<\/li>\n\n\n\n<li>pflanzliche <strong>Nahrungsmittel aller Art<\/strong>, die ihr nicht mehr esst weil sie<br>Motten haben &#8211; unsere H\u00fchner freuen sich und pickern alles<\/li>\n\n\n\n<li><strong>Naturjogurt und Quark, K\u00e4se<\/strong>, der gekippt ist unsere Hunde freuen sich<br>\u00fcber solche Leckerlis<\/li>\n\n\n\n<li>Obst und Gem\u00fcse und <strong>Schalen<\/strong> von beidem &#8211; unsere Pferde freuen sich \u00fcber<br>alles frische gerade jetzt im Winter &#8211; gern auch zum selbst f\u00fcttern &#8211;<br>bringt Euch und den Pferden viel Freude<\/li>\n\n\n\n<li><strong>Bettw\u00e4sche, Spannbettlaken und Decken<\/strong>, die Ihr nicht mehr braucht<\/li>\n<\/ul>\n\n\n\n<p><\/p>\n","protected":false},"excerpt":{"rendered":"<p>Helft uns, die Umgebung zu versch\u00f6nern, den Fellnasen ihren Lebensraum so sch\u00f6n wie m\u00f6glich zu gestalten und f\u00fcr die Kinder eine tolle Umgebung zu schaffen. +++ Aktuell +++ M\u00e4nner gesucht!Hier quasi um uns herum liegen \u00fcberall gro\u00dfe Steine. Mir sind die viel zu schwer aber wir brauchen sie um unsere B\u00e4ume vor Pferdetritten zu sch\u00fctzen.Gibt es M\u00e4nner, die sich an einem Samstag(?) mal treffen und diese Steine rein holen wollen?Entdeckt die Herkuleskr\u00e4fte in Euch :o) Euch k\u00f6rperliche Fitness an frischer&#8230;<\/p>\n<p class=\"read-more\"><a class=\"btn btn-default\" href=\"https:\/\/hallesche-pferdefreunde.de\/?page_id=454\">Weiterlesen<span class=\"screen-reader-text\"> Weiterlesen<\/span><\/a><\/p>\n","protected":false},"author":1,"featured_media":0,"parent":0,"menu_order":0,"comment_status":"closed","ping_status":"closed","template":"","meta":{"jetpack_post_was_ever_published":false,"footnotes":""},"class_list":["post-454","page","type-page","status-publish","hentry"],"jetpack_sharing_enabled":true,"jetpack_shortlink":"https:\/\/wp.me\/PaN8jE-7k","_links":{"self":[{"href":"https:\/\/hallesche-pferdefreunde.de\/index.php?rest_route=\/wp\/v2\/pages\/454","targetHints":{"allow":["GET"]}}],"collection":[{"href":"https:\/\/hallesche-pferdefreunde.de\/index.php?rest_route=\/wp\/v2\/pages"}],"about":[{"href":"https:\/\/hallesche-pferdefreunde.de\/index.php?rest_route=\/wp\/v2\/types\/page"}],"author":[{"embeddable":true,"href":"https:\/\/hallesche-pferdefreunde.de\/index.php?rest_route=\/wp\/v2\/users\/1"}],"replies":[{"embeddable":true,"href":"https:\/\/hallesche-pferdefreunde.de\/index.php?rest_route=%2Fwp%2Fv2%2Fcomments&post=454"}],"version-history":[{"count":4,"href":"https:\/\/hallesche-pferdefreunde.de\/index.php?rest_route=\/wp\/v2\/pages\/454\/revisions"}],"predecessor-version":[{"id":581,"href":"https:\/\/hallesche-pferdefreunde.de\/index.php?rest_route=\/wp\/v2\/pages\/454\/revisions\/581"}],"wp:attachment":[{"href":"https:\/\/hallesche-pferdefreunde.de\/index.php?rest_route=%2Fwp%2Fv2%2Fmedia&parent=454"}],"curies":[{"name":"wp","href":"https:\/\/api.w.org\/{rel}","templated":true}]}}