{"id":535,"date":"2022-11-16T18:04:04","date_gmt":"2022-11-16T18:04:04","guid":{"rendered":"https:\/\/hallesche-pferdefreunde.de\/?page_id=535"},"modified":"2022-11-16T18:04:04","modified_gmt":"2022-11-16T18:04:04","slug":"himmels-tiere","status":"publish","type":"page","link":"https:\/\/hallesche-pferdefreunde.de\/?page_id=535","title":{"rendered":"Himmels-Tiere"},"content":{"rendered":"\n<h2 class=\"wp-block-heading\">Sumi der freundlichste Hund der Erde<\/h2>\n\n\n\n<p>Sumi der freundlichste Hund der Erde, die pure Lebensfreude, kein Schneesturm, kein Matsch, kein Wetter konnte seine Freude tr\u00fcben. Machte ich die Augen morgens auf, stand Sumi neben mir mit 200% Lebensenergie und schien zu fragen, was geht? Ich bin da, los geht! Was liegst du hier noch rum &#8211; da drau\u00dfen ist das Leben &#8211; lass uns rennen, um nichts zu verpassen.<\/p>\n\n\n<div class=\"wp-block-image is-style-default\">\n<figure class=\"aligncenter size-medium\"><img loading=\"lazy\" decoding=\"async\" width=\"300\" height=\"300\" src=\"https:\/\/hallesche-pferdefreunde.de\/wp-content\/uploads\/2022\/11\/Sumi-300x300.png\" alt=\"\" class=\"wp-image-538\" srcset=\"https:\/\/hallesche-pferdefreunde.de\/wp-content\/uploads\/2022\/11\/Sumi-300x300.png 300w, https:\/\/hallesche-pferdefreunde.de\/wp-content\/uploads\/2022\/11\/Sumi-150x150.png 150w, https:\/\/hallesche-pferdefreunde.de\/wp-content\/uploads\/2022\/11\/Sumi-270x270.png 270w, https:\/\/hallesche-pferdefreunde.de\/wp-content\/uploads\/2022\/11\/Sumi.png 640w\" sizes=\"auto, (max-width: 300px) 100vw, 300px\" \/><\/figure>\n<\/div>\n\n\n<p>Ich durfte von ihm die Freude lernen, pure Freude \u00fcber alles da drau\u00dfen ein Hund mit einem fetten Dauergrinsen im Gesicht und dem federleichtesten D\u00fcsegalopp, den ihr euch nur vorstellen k\u00f6nnt, so leicht, dass er schon zu Lebzeiten den Hauch des luftigen Himmels vermittelte &#8211; keiner konnte so leicht flitzen, wie er, wie eine Wolke&#8230;<br>&#8230;eine sehr schnelle Wolke, nahe der Lichtgeschwindigkeit.<\/p>\n\n\n\n<p>Und in diesem Lauf ging er auch von uns:<br>Am Dienstag ist unser wundervoller Sumi bei einem seiner rasanten Streifz\u00fcge hinter seinen geliebten Rehen her geflizzt. Der Karabiner am Geschirr hatte sich beim Spaziergang gel\u00f6st und Sumi ist daraufhin mit einer Bahn kollidiert. Offensichtlich hat er sofort seinen physischen K\u00f6rper verlassen m\u00fcssen.<\/p>\n\n\n\n<p>Ja unser Sumi war der Draufg\u00e4nger in unserer Truppe (wenn Draufg\u00e4nger steigerungsf\u00e4hig ist &#8211; dann war das Sumi). Als schw\u00e4chster im Wurf eroberte er schon in der Krabbelkiste die ersten Herzen er wurde zum Kinderstar Der hellste, der lustigste, der Herzensbrecher Sumi. Ein Charmeur, auf seiner Ebene ein wahrer K\u00f6nig, liegend stolz und majestetisch. Sich seiner Selbst immer sehr bewusst und \u00fcber jeden Tadel und Meckerer absolut erhaben &#8211; ihn kann man ja nicht meinen, weil er ist perfekt in allem was er tut. Und das war er auch &#8211; immer 200 Prozent, immer dabei, er h\u00e4tte f\u00fcr jeden zu jeder Zeit alles gegeben und tat dies auch immer.<\/p>\n\n\n\n<p>Ich tat mich mit ihm anf\u00e4nglich sehr schwer, weil diese unb\u00e4ndige Energie und sein ganzes Wesen ich erst verstehen lernen musste und ich erst vor einiger Zeit erkennen durfte, warum wieso weshalb er ist wie er ist und wie er tickt. Dabei half mir dieses Video von der Maja Nowack unglaublich (<a href=\"https:\/\/www.youtube.com\/watch?v=tTqSUuYGkng\">https:\/\/www.youtube.com\/watch?v=tTqSUuYGkng<\/a>).<br>Sie beschreibt diesen Typ so treffend und unser Sumi brachte zu dieser Typbeschreibung noch eigene Seelen- oder Charaktereigenschaften dazu, die ihn so einmalig machten.<br>Das k\u00f6niglich strahlende, von unglaublicher Sanftheit und eine schier unglaubliche Geduld mit Kindern &#8211; nie k\u00f6nnte er diesen kleinen Menschen irgendetwas \u00fcbel nehmen (das k\u00f6nnen nicht viele Tiere so verstehen wie er). Der geborene Therapiehund f\u00fcr uns alle. Gerade in der letzten Zeit durfte ich dieses strahlende Wesen sehen und wir haben uns miteinander so sch\u00f6n eingeschwungen, dass er pl\u00f6tzlich f\u00fcr<br>mich ganz leicht zu lesen war. <\/p>\n\n\n\n<p>Und dann sah ich ihn und seinen ganzen Glanz und Sumi dachte vielleicht: Wenn die Party am sch\u00f6nsten ist &#8211; dann gehe ich &#8211; alles erreicht und Tsch\u00fcss.<\/p>\n\n\n\n<p>Wenn gleich ich gern noch andere Begegnungs- und Kommunikationsebenen mit ihm erreicht h\u00e4tte &#8211; so wie die Maja &#8211; also meine Party mit ihm h\u00e4tte noch sehr viel l\u00e4nger sein m\u00fcssen, um zu lernen&#8230;.<br><br>ich wei\u00df, dass viele vermutlich sich jetzt denken: man kann sich auch alles sch\u00f6n reden &#8211; ja vielleicht &#8211; doch ich wei\u00df was ich f\u00fchle und es f\u00fchlt sich f\u00fcr mich an als h\u00e4tte ich 10 Hunde verloren. <br>So ein Loch ist durch Sumi in die Gruppe und in die Kinderherzen gerissen. Die<br>sichtbare Freude wurde herausgerissen &#8211; warum? <br>H\u00e4tten wir ihn mit 5 Leinen besser sichern m\u00fcssen? H\u00e4tten wir ihn lieber gleich nicht mehr vom Hof lassen d\u00fcrfen? Sumi? Er w\u00e4re gestorben f\u00fcr jeden Lauf im Flug und in Freiheit&#8230;<\/p>\n\n\n\n<p>Und was k\u00f6nnen wir von Sumi lernen? Untr\u00fcbbare Freude in jeder Situation. Das Leben ist ein Geschenk &#8211; nutze jede Sekunde, riskier auch mal was und der Tod ist nicht das Ende.<br>Alles ist immer mit allem verbunden und wir und auch die Kinder k\u00f6nnen ihn immer noch sp\u00fcren und vielleicht gelingt es uns allen gemeinsam nun die Freude, die Sumifreude, in uns zu finden und ihn immer zu sp\u00fcren und uns immer mit ihm zu verbinden, denn in Wahrheit sind wir l\u00e4ngst mit allem verbunden &#8211; wir wissen oder sp\u00fcren es nur nicht mehr oder noch nicht&#8230;<\/p>\n\n\n\n<p>Wir brauchen nicht alle einer Meinung zu sein &#8211; es wird Zeit, dass wir ein gemeinsames Ziel haben und dann einfach mal los legen und an diesem Ziel gemeinsam arbeiten in Freude und gegenseitiger St\u00e4rkung.<\/p>\n\n\n\n<h2 class=\"wp-block-heading\">Djamal unser kleiner wei\u00dfer Pegasus<\/h2>\n\n\n\n<p>Djamal unser kleiner wei\u00dfer Pegasus, der Kinderstar unter unseren Pferden.<br>Er hatte mit 22 noch nicht das Alter indem man sterben muss und doch ist er ganz nat\u00fcrlich gestorben er hat die letzten 4 Wochen immer weniger gefressen, die Kraft wurde schw\u00e4cher er war so sanft und so so s\u00fc\u00df, dass ich ihn am liebsten unter den Arm genommen und nie wieder losgelassen h\u00e4tte. 2 Tage vor seinem Tod hat er dann das Essen ganz eingestellt.<\/p>\n\n\n<div class=\"wp-block-image\">\n<figure class=\"aligncenter size-medium\"><img loading=\"lazy\" decoding=\"async\" width=\"300\" height=\"300\" src=\"https:\/\/hallesche-pferdefreunde.de\/wp-content\/uploads\/2022\/11\/Djamal-300x300.png\" alt=\"\" class=\"wp-image-539\" srcset=\"https:\/\/hallesche-pferdefreunde.de\/wp-content\/uploads\/2022\/11\/Djamal-300x300.png 300w, https:\/\/hallesche-pferdefreunde.de\/wp-content\/uploads\/2022\/11\/Djamal-150x150.png 150w, https:\/\/hallesche-pferdefreunde.de\/wp-content\/uploads\/2022\/11\/Djamal-270x270.png 270w, https:\/\/hallesche-pferdefreunde.de\/wp-content\/uploads\/2022\/11\/Djamal.png 632w\" sizes=\"auto, (max-width: 300px) 100vw, 300px\" \/><\/figure>\n<\/div>\n\n\n<p>Wir haben nat\u00fcrlich alles versucht. Eingeweichte Heucops vor 4 Wochen. Hat er erst gefressen &#8211; 3 Tage lang, dann auch davon immer weniger. Er hatte st\u00e4ndig 5 Eimer stehen. Eingeweichter Hafer, eingeweichte Gerste, Sonnenblumenkerne und Masch. Die Woche vor seinem Tod hatte er mehrere Tage eine Birnenphase &#8211; die s\u00fc\u00dfen weichen Fr\u00fcchte hat er nochmal weggeschlappert. Eine wahre Freude &#8211; Djamali und ich a\u00dfen Birnen um die Wette.<br>2 Tage vor seinem Tod hat er dann das Essen ganz eingestellt und am letzten Tag hat er auch nichts mehr gesoffen. Er hatte sich die ganze Nacht wacker auf seinen Beinen gehalten und ist dann mit der Herde noch einmal bis auf die Koppel raus gelaufen. Als ich dann mittags kam &#8211; da lag er. Er hatte so so klare Augen, dass wir alle dachten, er will nicht sterben. <br>Wie ich heute wei\u00df ist das wohl so beim sterben &#8211;\u00a0 die Augen werden so klar wie bei Babys, kristallklar&#8230; <br>Vielleicht weil die Seele nicht aus dem Po kriecht sondern sich die Energie im Kopf sammelt<br>bevor sie geht?<\/p>\n\n\n\n<p>Ich habe ihn gebeten noch einmal mit rein zu kommen &#8211; ich wollte ihn auf unserem Grundst\u00fcck haben. Und er tat mir den Gefallen. Mit unserer Hilfe, einer Tragedecke unter dem Bauch und 4 Mann an vier Ecken haben wir ihn mit seiner letzten Kraft bis unter unsere Birke, auf der Wiese<br>direkt vor dem Tor bekommen. Da ging dann nix mehr und ich dachte wegen seiner klaren Augen immer noch, wir entgiften ihn und dann peppeln wir ihn wieder auf. Ja der Kopf redet immer bis zuletzt Quatsch mit So\u00dfe. Hatte ich doch gleich fr\u00fch morgens gef\u00fchlt, dass er stirbt &#8211; ich hatte ein so flaues Gef\u00fchl wie bei unserem verstorbenen Hund vor 2 Jahren So zwischen frisch verliebt und unendlich traurig &#8211; aber bis zuletzt sabbelt der Kopf dagegen &#8211; die Hoffnung stirbt eben zuletzt.<\/p>\n\n\n\n<p>Mit dem letzten Sonnenstrahl an diesem Sonntag ging unser Djamali unter vielen streichelnden Kinderh\u00e4nden, vielen Tr\u00e4nen und K\u00fcssen. Als er das letzte mal ausgeatmet hatte, fingen alle 6 Hunde an zu heulen wie die W\u00f6lfe&#8230;<br>Unglaublich magisch &#8211; die Tiere sp\u00fcren so so viel mehr als wir.<\/p>\n\n\n\n<p>Wir brachten ihn auf unseren Sandplatz. Die Kinder hatten Montag schulfrei von ihren Eltern bekommen und wuschen seine M\u00e4hne, seinen Schweif, k\u00e4mmten ihn, legten ein wei\u00dfes Baumwolltuch \u00fcber ihn und<br>stellten abends Kerzen rings um ihn herum &#8211; alle waren pl\u00f6tzlich da. Der Hof lebte wie nie zuvor &#8211; es war so so friedlich wie Antje und ich uns unseren Hof immer gew\u00fcnscht haben&#8230;<br>Das Abschiedsgeschenk von Djamali: und es geht doch und zwar in Sekunden.<\/p>\n\n\n\n<p>Ein totes Pferd liegt 3 Tage auf unserem Platz und genau diese 3 Tage erlebten wir Menschsein, ein Miteinander&#8230;   &#8230;Unendlich sch\u00f6n und der Beweis, dass wir es k\u00f6nnen. Nur d\u00fcrfen wir das ohne totes Tier auch hinbekommen. Jeder durfte so sein wie er war, keiner schimpfte oder meckerte, alle wahren traurig und unglaublich friedlich zugleich.<\/p>\n\n\n\n<p>In Liebe f\u00fcr unsere Himmelstiere, die uns wiedereinmal den Weg weisen.<\/p>\n","protected":false},"excerpt":{"rendered":"<p>Sumi der freundlichste Hund der Erde Sumi der freundlichste Hund der Erde, die pure Lebensfreude, kein Schneesturm, kein Matsch, kein Wetter konnte seine Freude tr\u00fcben. Machte ich die Augen morgens auf, stand Sumi neben mir mit 200% Lebensenergie und schien zu fragen, was geht? Ich bin da, los geht! Was liegst du hier noch rum &#8211; da drau\u00dfen ist das Leben &#8211; lass uns rennen, um nichts zu verpassen. Ich durfte von ihm die Freude lernen, pure Freude \u00fcber alles&#8230;<\/p>\n<p class=\"read-more\"><a class=\"btn btn-default\" href=\"https:\/\/hallesche-pferdefreunde.de\/?page_id=535\">Weiterlesen<span class=\"screen-reader-text\"> Weiterlesen<\/span><\/a><\/p>\n","protected":false},"author":1,"featured_media":0,"parent":0,"menu_order":0,"comment_status":"closed","ping_status":"closed","template":"","meta":{"jetpack_post_was_ever_published":false,"footnotes":""},"class_list":["post-535","page","type-page","status-publish","hentry"],"jetpack_sharing_enabled":true,"jetpack_shortlink":"https:\/\/wp.me\/PaN8jE-8D","_links":{"self":[{"href":"https:\/\/hallesche-pferdefreunde.de\/index.php?rest_route=\/wp\/v2\/pages\/535","targetHints":{"allow":["GET"]}}],"collection":[{"href":"https:\/\/hallesche-pferdefreunde.de\/index.php?rest_route=\/wp\/v2\/pages"}],"about":[{"href":"https:\/\/hallesche-pferdefreunde.de\/index.php?rest_route=\/wp\/v2\/types\/page"}],"author":[{"embeddable":true,"href":"https:\/\/hallesche-pferdefreunde.de\/index.php?rest_route=\/wp\/v2\/users\/1"}],"replies":[{"embeddable":true,"href":"https:\/\/hallesche-pferdefreunde.de\/index.php?rest_route=%2Fwp%2Fv2%2Fcomments&post=535"}],"version-history":[{"count":3,"href":"https:\/\/hallesche-pferdefreunde.de\/index.php?rest_route=\/wp\/v2\/pages\/535\/revisions"}],"predecessor-version":[{"id":540,"href":"https:\/\/hallesche-pferdefreunde.de\/index.php?rest_route=\/wp\/v2\/pages\/535\/revisions\/540"}],"wp:attachment":[{"href":"https:\/\/hallesche-pferdefreunde.de\/index.php?rest_route=%2Fwp%2Fv2%2Fmedia&parent=535"}],"curies":[{"name":"wp","href":"https:\/\/api.w.org\/{rel}","templated":true}]}}