{"id":597,"date":"2023-03-29T21:26:35","date_gmt":"2023-03-29T21:26:35","guid":{"rendered":"https:\/\/hallesche-pferdefreunde.de\/?page_id=597"},"modified":"2023-04-05T08:09:13","modified_gmt":"2023-04-05T08:09:13","slug":"lernen-mit-pferden","status":"publish","type":"page","link":"https:\/\/hallesche-pferdefreunde.de\/?page_id=597","title":{"rendered":"Lernen mit Pferden"},"content":{"rendered":"\n<p>Unsere Angebote f\u00fcr Schulklassen:<br>Hier auch als Flyer zum Download: <a href=\"https:\/\/hallesche-pferdefreunde.de\/wp-content\/uploads\/2023\/04\/Flyer_Lernen-mit-Pferden_Pferdefreunde_Halle.pdf\" data-type=\"URL\" data-id=\"https:\/\/hallesche-pferdefreunde.de\/wp-content\/uploads\/2023\/04\/Flyer_Lernen-mit-Pferden_Pferdefreunde_Halle.pdf\">Flyer.pdf<\/a><\/p>\n\n\n\n<p><strong>Im Spiegel der Pferde<\/strong><\/p>\n\n\n\n<p><\/p>\n\n\n\n<div class=\"wp-block-media-text alignwide is-stacked-on-mobile is-vertically-aligned-top\"><figure class=\"wp-block-media-text__media\"><img loading=\"lazy\" decoding=\"async\" width=\"426\" height=\"545\" src=\"https:\/\/hallesche-pferdefreunde.de\/wp-content\/uploads\/2023\/04\/Screenshot_20230405_095045.png\" alt=\"\" class=\"wp-image-610 size-full\" srcset=\"https:\/\/hallesche-pferdefreunde.de\/wp-content\/uploads\/2023\/04\/Screenshot_20230405_095045.png 426w, https:\/\/hallesche-pferdefreunde.de\/wp-content\/uploads\/2023\/04\/Screenshot_20230405_095045-234x300.png 234w, https:\/\/hallesche-pferdefreunde.de\/wp-content\/uploads\/2023\/04\/Screenshot_20230405_095045-211x270.png 211w\" sizes=\"auto, (max-width: 426px) 100vw, 426px\" \/><\/figure><div class=\"wp-block-media-text__content\">\n<p class=\"has-text-align-left\">Pferde sind erwartungsfrei. Sie nehmen jeden so, wie er ist \u2013 mit seinen St\u00e4rken und seinen Schw\u00e4chen.<\/p>\n\n\n\n<p class=\"has-text-align-left\">Unsere Spiele erm\u00f6glichen echte Pferdebegegnungen und helfen Kindern, Mut, Vertrauen, Einf\u00fchlungsverm\u00f6gen und die F\u00e4higkeit zum Perspektivenwechsel zu entwickeln.<\/p>\n<\/div><\/div>\n\n\n\n<p><\/p>\n\n\n\n<p><strong>Mathe mit Pferd<\/strong><\/p>\n\n\n\n<p><\/p>\n\n\n\n<div class=\"wp-block-media-text alignwide has-media-on-the-right is-stacked-on-mobile is-vertically-aligned-top\"><div class=\"wp-block-media-text__content\">\n<p class=\"has-text-align-left\">Wie lange dauert es, bis das Haferkorn als Pferdeapfel wieder herauskommt? Wie viele Haferk\u00f6rner frisst unsere Stute Paula zum Mittag? Welches Pferd hat die gr\u00f6\u00dften Ohren und den dicksten Bauch?<\/p>\n\n\n\n<p class=\"has-text-align-left\">Viel Wissen schafft Pferd!<br>Rechnet mit viel Spa\u00df und spannenden Aufgaben!<\/p>\n<\/div><figure class=\"wp-block-media-text__media\"><img loading=\"lazy\" decoding=\"async\" width=\"458\" height=\"570\" src=\"https:\/\/hallesche-pferdefreunde.de\/wp-content\/uploads\/2023\/04\/Screenshot_20230405_095157.png\" alt=\"\" class=\"wp-image-611 size-full\" srcset=\"https:\/\/hallesche-pferdefreunde.de\/wp-content\/uploads\/2023\/04\/Screenshot_20230405_095157.png 458w, https:\/\/hallesche-pferdefreunde.de\/wp-content\/uploads\/2023\/04\/Screenshot_20230405_095157-241x300.png 241w, https:\/\/hallesche-pferdefreunde.de\/wp-content\/uploads\/2023\/04\/Screenshot_20230405_095157-217x270.png 217w\" sizes=\"auto, (max-width: 458px) 100vw, 458px\" \/><\/figure><\/div>\n\n\n\n<p><\/p>\n\n\n\n<p><strong>Barhuf und barfu\u00df<\/strong><\/p>\n\n\n\n<p><\/p>\n\n\n\n<div class=\"wp-block-media-text alignwide is-stacked-on-mobile is-vertically-aligned-top\"><figure class=\"wp-block-media-text__media\"><img loading=\"lazy\" decoding=\"async\" width=\"424\" height=\"599\" src=\"https:\/\/hallesche-pferdefreunde.de\/wp-content\/uploads\/2023\/04\/Screenshot_20230405_095223.png\" alt=\"\" class=\"wp-image-612 size-full\" srcset=\"https:\/\/hallesche-pferdefreunde.de\/wp-content\/uploads\/2023\/04\/Screenshot_20230405_095223.png 424w, https:\/\/hallesche-pferdefreunde.de\/wp-content\/uploads\/2023\/04\/Screenshot_20230405_095223-212x300.png 212w, https:\/\/hallesche-pferdefreunde.de\/wp-content\/uploads\/2023\/04\/Screenshot_20230405_095223-191x270.png 191w\" sizes=\"auto, (max-width: 424px) 100vw, 424px\" \/><\/figure><div class=\"wp-block-media-text__content\">\n<p class=\"has-text-align-left\">Ob barhuf oder barfu\u00df \u2013 Laufen ist die Voraussetzung f\u00fcr gesunde Hufe oder F\u00fc\u00dfe. Wildpferde laufen bis zu 15 Kilometer am Tag. Sie sind auf Laufen und st\u00e4ndige Bewegung eingestellt. Auch Menschen sind f\u00fcr das Laufen geschaffen. F\u00fcr das Sitzen jedoch nicht.<\/p>\n\n\n\n<p class=\"has-text-align-left\">Wir wollen unseren F\u00fc\u00dfen wieder mehr Aufmerksamkeit geben, barfu\u00df \u00fcber Wiesen laufen und die tragende, n\u00e4hrende Erde unter ihnen sp\u00fcren.<\/p>\n<\/div><\/div>\n\n\n\n<p><\/p>\n\n\n\n<p><strong>Mal`mal ein Pferd!<\/strong><\/p>\n\n\n\n<p><\/p>\n\n\n\n<div class=\"wp-block-media-text alignwide has-media-on-the-right is-stacked-on-mobile is-vertically-aligned-top\"><div class=\"wp-block-media-text__content\">\n<p class=\"has-text-align-left\">W\u00e4hrend unsere Pferde in Ruhe grasen, k\u00f6nnt ihr mittendrin und dabei sein. In diesem au\u00dfergew\u00f6hnlichen Zusammensein und der Stille lernen wir genau zu beobachten und unseren Blick zu sch\u00e4rfen. Jeder sieht anders und dr\u00fcckt sich zeichnerisch und malerisch vollkommen anders aus.<\/p>\n\n\n\n<p class=\"has-text-align-left\">Probiert euch aus! Mit etwas Tonerde wird aus einem Pferd auch mal schnell ein Wildtier.<\/p>\n<\/div><figure class=\"wp-block-media-text__media\"><img loading=\"lazy\" decoding=\"async\" width=\"425\" height=\"540\" src=\"https:\/\/hallesche-pferdefreunde.de\/wp-content\/uploads\/2023\/04\/Screenshot_20230405_095250.png\" alt=\"\" class=\"wp-image-613 size-full\" srcset=\"https:\/\/hallesche-pferdefreunde.de\/wp-content\/uploads\/2023\/04\/Screenshot_20230405_095250.png 425w, https:\/\/hallesche-pferdefreunde.de\/wp-content\/uploads\/2023\/04\/Screenshot_20230405_095250-236x300.png 236w, https:\/\/hallesche-pferdefreunde.de\/wp-content\/uploads\/2023\/04\/Screenshot_20230405_095250-213x270.png 213w\" sizes=\"auto, (max-width: 425px) 100vw, 425px\" \/><\/figure><\/div>\n\n\n\n<p><\/p>\n\n\n\n<p><strong>\u00dcber den Tellerrand geschaut<\/strong><\/p>\n\n\n\n<p><\/p>\n\n\n\n<div class=\"wp-block-media-text alignwide is-stacked-on-mobile is-vertically-aligned-top\"><figure class=\"wp-block-media-text__media\"><img loading=\"lazy\" decoding=\"async\" width=\"423\" height=\"546\" src=\"https:\/\/hallesche-pferdefreunde.de\/wp-content\/uploads\/2023\/04\/Screenshot_20230405_095315.png\" alt=\"\" class=\"wp-image-614 size-full\" srcset=\"https:\/\/hallesche-pferdefreunde.de\/wp-content\/uploads\/2023\/04\/Screenshot_20230405_095315.png 423w, https:\/\/hallesche-pferdefreunde.de\/wp-content\/uploads\/2023\/04\/Screenshot_20230405_095315-232x300.png 232w, https:\/\/hallesche-pferdefreunde.de\/wp-content\/uploads\/2023\/04\/Screenshot_20230405_095315-209x270.png 209w\" sizes=\"auto, (max-width: 423px) 100vw, 423px\" \/><\/figure><div class=\"wp-block-media-text__content\">\n<p class=\"has-text-align-left\">Pferde haben intakte Essinstinkte. Haben sie die M\u00f6glichkeit, futtern sie sich jeden Tag gesund. Denn sie wissen genau, was sie brauchen. Wissen wir, was unser K\u00f6rper braucht, um gesund zu sein?<\/p>\n\n\n\n<p class=\"has-text-align-left\">Wir lernen von den Pferden und schauen uns in der Natur um. Was w\u00e4chst da und bringt uns gute N\u00e4hrstoffe? Wir sammeln Kr\u00e4uter und bereiten uns leckere Smoothies, Limonaden und Pestos zu<\/p>\n<\/div><\/div>\n\n\n\n<p>.<\/p>\n\n\n\n<p><strong>B\u00fchne frei f\u00fcr unsere lustigen Pferde!<\/strong><\/p>\n\n\n\n<p><\/p>\n\n\n\n<div class=\"wp-block-media-text alignwide has-media-on-the-right is-stacked-on-mobile is-vertically-aligned-top\"><div class=\"wp-block-media-text__content\">\n<p class=\"has-text-align-left\">Pferde sind neugierig. Genau wie Kinder. Ist ihre Neugier einmal geweckt, lernen sie schnell.<\/p>\n\n\n\n<p class=\"has-text-align-left\">Wir zeigen euch kleine Tricks mit unseren geschickten und gewitzten Pferden. Nat\u00fcrlich k\u00f6nnt ihr euch auch selbst in Jonglage, Akrobatik und Geschicklichkeit ausprobieren.<\/p>\n<\/div><figure class=\"wp-block-media-text__media\"><img loading=\"lazy\" decoding=\"async\" width=\"419\" height=\"559\" src=\"https:\/\/hallesche-pferdefreunde.de\/wp-content\/uploads\/2023\/04\/Screenshot_20230405_095338.png\" alt=\"\" class=\"wp-image-615 size-full\" srcset=\"https:\/\/hallesche-pferdefreunde.de\/wp-content\/uploads\/2023\/04\/Screenshot_20230405_095338.png 419w, https:\/\/hallesche-pferdefreunde.de\/wp-content\/uploads\/2023\/04\/Screenshot_20230405_095338-225x300.png 225w, https:\/\/hallesche-pferdefreunde.de\/wp-content\/uploads\/2023\/04\/Screenshot_20230405_095338-202x270.png 202w\" sizes=\"auto, (max-width: 419px) 100vw, 419px\" \/><\/figure><\/div>\n\n\n\n<p><\/p>\n\n\n\n<p><strong>Euer Thema<\/strong><\/p>\n\n\n\n<p><\/p>\n\n\n\n<div class=\"wp-block-media-text alignwide is-stacked-on-mobile is-vertically-aligned-top\"><figure class=\"wp-block-media-text__media\"><img loading=\"lazy\" decoding=\"async\" width=\"454\" height=\"747\" src=\"https:\/\/hallesche-pferdefreunde.de\/wp-content\/uploads\/2023\/04\/Screenshot_20230405_095410-1.png\" alt=\"\" class=\"wp-image-616 size-full\" srcset=\"https:\/\/hallesche-pferdefreunde.de\/wp-content\/uploads\/2023\/04\/Screenshot_20230405_095410-1.png 454w, https:\/\/hallesche-pferdefreunde.de\/wp-content\/uploads\/2023\/04\/Screenshot_20230405_095410-1-182x300.png 182w, https:\/\/hallesche-pferdefreunde.de\/wp-content\/uploads\/2023\/04\/Screenshot_20230405_095410-1-164x270.png 164w\" sizes=\"auto, (max-width: 454px) 100vw, 454px\" \/><\/figure><div class=\"wp-block-media-text__content\">\n<p class=\"has-text-align-left\">Auf Wunsch kn\u00fcpfen wir an aktuelle Unterrichtsthemen an und gestalten f\u00fcr euch auf deren Grundlage ein bewegungsreiches, kreatives Lernangebot im Freien bei den Pferden.<\/p>\n<\/div><\/div>\n\n\n\n<p><strong>Wandertage<\/strong><\/p>\n\n\n\n<p class=\"has-text-align-left\">Lernt den Hof, die Menschen und ihre Tiere kennen!<\/p>\n\n\n\n<p class=\"has-text-align-left\">Wir laden euch zu bewegungsreichen und kreativen Spielen ein. Auch als Ausfl\u00fcge mit dem Hort als Nachmittags- oder Ferienangebot empfehlenswert!<\/p>\n\n\n\n<p class=\"has-text-align-left\"><em>Beitrag: 10 Euro pro Teilnehmer<\/em><br><em>vormittags oder nachmittags<\/em> <br><em>nach Absprache auch ganzt\u00e4gig und mit \u00dcbernachtung m\u00f6glich<\/em><\/p>\n\n\n\n<p><strong>Projekte<\/strong><\/p>\n\n\n\n<p class=\"has-text-align-left\">Neben unseren Angeboten unter \u201eLernen mit Pferden\u201c bieten wir f\u00fcr Projekttage oder Projektwochen diese Themen an:<\/p>\n\n\n\n<ul class=\"wp-block-list\">\n<li>Gesundheit und Ern\u00e4hrung,<\/li>\n\n\n\n<li>Bewegung macht klug,<\/li>\n\n\n\n<li>artgerechte Tierpflege insbesondere von Pferden,<\/li>\n\n\n\n<li>Potentialentfaltung mit Hilfe der Pferde.<\/li>\n<\/ul>\n\n\n\n<p class=\"has-text-align-left\"><em>Beitrag nach Angebot<\/em><\/p>\n\n\n\n<p><strong>Euer Kontakt zu den Pferden:<\/strong><\/p>\n\n\n\n<p class=\"has-text-align-left\">Beate Laue<br>beate.laue@gmx.de<br>0157 &#8211; 59 71 76 95<\/p>\n\n\n\n<p class=\"has-text-align-right\"><em>Wer ein Pferd hat, hat den Schl<\/em><em>\u00fc<\/em><em>ssel zur Welt. (afrikanisches Sprichwort)<\/em><\/p>\n","protected":false},"excerpt":{"rendered":"<p>Unsere Angebote f\u00fcr Schulklassen:Hier auch als Flyer zum Download: Flyer.pdf Im Spiegel der Pferde Pferde sind erwartungsfrei. Sie nehmen jeden so, wie er ist \u2013 mit seinen St\u00e4rken und seinen Schw\u00e4chen. Unsere Spiele erm\u00f6glichen echte Pferdebegegnungen und helfen Kindern, Mut, Vertrauen, Einf\u00fchlungsverm\u00f6gen und die F\u00e4higkeit zum Perspektivenwechsel zu entwickeln. Mathe mit Pferd Wie lange dauert es, bis das Haferkorn als Pferdeapfel wieder herauskommt? Wie viele Haferk\u00f6rner frisst unsere Stute Paula zum Mittag? Welches Pferd hat die gr\u00f6\u00dften Ohren und den&#8230;<\/p>\n<p class=\"read-more\"><a class=\"btn btn-default\" href=\"https:\/\/hallesche-pferdefreunde.de\/?page_id=597\">Weiterlesen<span class=\"screen-reader-text\"> Weiterlesen<\/span><\/a><\/p>\n","protected":false},"author":1,"featured_media":0,"parent":0,"menu_order":0,"comment_status":"closed","ping_status":"closed","template":"","meta":{"jetpack_post_was_ever_published":false,"footnotes":""},"class_list":["post-597","page","type-page","status-publish","hentry"],"jetpack_sharing_enabled":true,"jetpack_shortlink":"https:\/\/wp.me\/PaN8jE-9D","_links":{"self":[{"href":"https:\/\/hallesche-pferdefreunde.de\/index.php?rest_route=\/wp\/v2\/pages\/597","targetHints":{"allow":["GET"]}}],"collection":[{"href":"https:\/\/hallesche-pferdefreunde.de\/index.php?rest_route=\/wp\/v2\/pages"}],"about":[{"href":"https:\/\/hallesche-pferdefreunde.de\/index.php?rest_route=\/wp\/v2\/types\/page"}],"author":[{"embeddable":true,"href":"https:\/\/hallesche-pferdefreunde.de\/index.php?rest_route=\/wp\/v2\/users\/1"}],"replies":[{"embeddable":true,"href":"https:\/\/hallesche-pferdefreunde.de\/index.php?rest_route=%2Fwp%2Fv2%2Fcomments&post=597"}],"version-history":[{"count":7,"href":"https:\/\/hallesche-pferdefreunde.de\/index.php?rest_route=\/wp\/v2\/pages\/597\/revisions"}],"predecessor-version":[{"id":626,"href":"https:\/\/hallesche-pferdefreunde.de\/index.php?rest_route=\/wp\/v2\/pages\/597\/revisions\/626"}],"wp:attachment":[{"href":"https:\/\/hallesche-pferdefreunde.de\/index.php?rest_route=%2Fwp%2Fv2%2Fmedia&parent=597"}],"curies":[{"name":"wp","href":"https:\/\/api.w.org\/{rel}","templated":true}]}}