{"id":754,"date":"2024-10-05T21:47:00","date_gmt":"2024-10-05T21:47:00","guid":{"rendered":"https:\/\/hallesche-pferdefreunde.de\/?page_id=754"},"modified":"2024-10-06T11:54:48","modified_gmt":"2024-10-06T11:54:48","slug":"tierpatenschaften","status":"publish","type":"page","link":"https:\/\/hallesche-pferdefreunde.de\/?page_id=754","title":{"rendered":"Tierpatenschaften"},"content":{"rendered":"\n<p>Ihr k\u00f6nnt Tierpatenschaften f\u00fcr eines unserer Tiere abschlie\u00dfen. Damit unterst\u00fctzt ihr unsere Arbeit und tragt dazu bei, das Futter f\u00fcr euer Patentier mit Qualit\u00e4tsfutter zu finanzieren. Wir haben 7 Pferde, 5 Hunde, 3 H\u00fchner, 1 Meerschweinchen und 1 Kaninchen.<\/p>\n\n\n<div class=\"wp-block-image\">\n<figure class=\"aligncenter size-large\"><img loading=\"lazy\" decoding=\"async\" width=\"1024\" height=\"768\" src=\"https:\/\/hallesche-pferdefreunde.de\/wp-content\/uploads\/2024\/10\/GutscheinePatenschaften_alle-1024x768.jpg\" alt=\"\" class=\"wp-image-758\" srcset=\"https:\/\/hallesche-pferdefreunde.de\/wp-content\/uploads\/2024\/10\/GutscheinePatenschaften_alle-1024x768.jpg 1024w, https:\/\/hallesche-pferdefreunde.de\/wp-content\/uploads\/2024\/10\/GutscheinePatenschaften_alle-300x225.jpg 300w, https:\/\/hallesche-pferdefreunde.de\/wp-content\/uploads\/2024\/10\/GutscheinePatenschaften_alle-768x576.jpg 768w, https:\/\/hallesche-pferdefreunde.de\/wp-content\/uploads\/2024\/10\/GutscheinePatenschaften_alle-360x270.jpg 360w, https:\/\/hallesche-pferdefreunde.de\/wp-content\/uploads\/2024\/10\/GutscheinePatenschaften_alle.jpg 1280w\" sizes=\"auto, (max-width: 1024px) 100vw, 1024px\" \/><\/figure>\n<\/div>\n\n\n<p>Ihr k\u00f6nnt zwischen einer aktiven Patenschaft und einer Fernpatenschaft w\u00e4hlen.<\/p>\n\n\n\n<p><strong>Aktive Patenschaften<\/strong><br>Ihr sucht euch ein Tier aus, f\u00fcr dass ihr die Patenschaft \u00fcbernehmt und k\u00f6nnt t\u00e4glich zu uns kommen und mit eurem Sch\u00fctzling spazieren gehen oder ihn beobachten, putzen, sein Wesen sp\u00fcren und das Hofleben genie\u00dfen. Die Patenschaft k\u00f6nnt ihr f\u00fcr 3, 6 oder 12 Monate abschlie\u00dfen.<br>Ihr k\u00f6nnt auch Gutscheine f\u00fcr eine der Patenschaften zum verschenken an liebe Freunde oder die Familie erwerben. Dann kann die Laufzeit frei gew\u00e4hlt werden. Ihr verschenkt dann unvergessliche Erlebnisse mit ganz besonderen Tieren, Bewegung bei jedem Wetter. Erwachsene, Rentner oder Kinder, alle profitieren -und die Tiere erst. <br>Pferdepatenschaft f\u00fcr 100 Euro pro Monat<br>Hundepatenschaft f\u00fcr 60 Euro pro Monat<br>H\u00fchner, Meerschwein, Kaninchen f\u00fcr 40 Euro pro Monat<\/p>\n\n\n\n<p><strong>Fernpatenschaften:<\/strong><br>Ihr sucht euch ein Tier aus, f\u00fcr dass ihr die Patenschaft \u00fcbernehmt und erhaltet immer wieder aktuelle Bilder und Videos per Telegram, Facebook oder Mail. Sch\u00f6ne Alltagsbilder und erlebtes Wissen rund um das jeweilige Tier sowie Gesundheitstipps in der Lebensweise unseres Hofes.<br>Ab 10 Euro pro Monat geht&#8217;s los, die H\u00f6he des Betrages richtet sich nach euren W\u00fcnschen.<\/p>\n\n\n\n<p>Spendenquittungen stellen wir gern f\u00fcr euch aus. Gezahlt wird unkompliziert per \u00dcberweisung auf unser Vereinskonto.<\/p>\n\n\n\n<p>Bei Interesse meldet euch gern oder kommt vorbei:<br>Telefon: 0157 597 176 95<br>EMail: beate.laue@gmx.de<\/p>\n\n\n\n<p>Eure Bea und die Fellnasen!<\/p>\n","protected":false},"excerpt":{"rendered":"<p>Ihr k\u00f6nnt Tierpatenschaften f\u00fcr eines unserer Tiere abschlie\u00dfen. Damit unterst\u00fctzt ihr unsere Arbeit und tragt dazu bei, das Futter f\u00fcr euer Patentier mit Qualit\u00e4tsfutter zu finanzieren. Wir haben 7 Pferde, 5 Hunde, 3 H\u00fchner, 1 Meerschweinchen und 1 Kaninchen. Ihr k\u00f6nnt zwischen einer aktiven Patenschaft und einer Fernpatenschaft w\u00e4hlen. Aktive PatenschaftenIhr sucht euch ein Tier aus, f\u00fcr dass ihr die Patenschaft \u00fcbernehmt und k\u00f6nnt t\u00e4glich zu uns kommen und mit eurem Sch\u00fctzling spazieren gehen oder ihn beobachten, putzen, sein Wesen&#8230;<\/p>\n<p class=\"read-more\"><a class=\"btn btn-default\" href=\"https:\/\/hallesche-pferdefreunde.de\/?page_id=754\">Weiterlesen<span class=\"screen-reader-text\"> Weiterlesen<\/span><\/a><\/p>\n","protected":false},"author":1,"featured_media":0,"parent":0,"menu_order":0,"comment_status":"closed","ping_status":"closed","template":"","meta":{"jetpack_post_was_ever_published":false,"footnotes":""},"class_list":["post-754","page","type-page","status-publish","hentry"],"jetpack_sharing_enabled":true,"jetpack_shortlink":"https:\/\/wp.me\/PaN8jE-ca","_links":{"self":[{"href":"https:\/\/hallesche-pferdefreunde.de\/index.php?rest_route=\/wp\/v2\/pages\/754","targetHints":{"allow":["GET"]}}],"collection":[{"href":"https:\/\/hallesche-pferdefreunde.de\/index.php?rest_route=\/wp\/v2\/pages"}],"about":[{"href":"https:\/\/hallesche-pferdefreunde.de\/index.php?rest_route=\/wp\/v2\/types\/page"}],"author":[{"embeddable":true,"href":"https:\/\/hallesche-pferdefreunde.de\/index.php?rest_route=\/wp\/v2\/users\/1"}],"replies":[{"embeddable":true,"href":"https:\/\/hallesche-pferdefreunde.de\/index.php?rest_route=%2Fwp%2Fv2%2Fcomments&post=754"}],"version-history":[{"count":4,"href":"https:\/\/hallesche-pferdefreunde.de\/index.php?rest_route=\/wp\/v2\/pages\/754\/revisions"}],"predecessor-version":[{"id":761,"href":"https:\/\/hallesche-pferdefreunde.de\/index.php?rest_route=\/wp\/v2\/pages\/754\/revisions\/761"}],"wp:attachment":[{"href":"https:\/\/hallesche-pferdefreunde.de\/index.php?rest_route=%2Fwp%2Fv2%2Fmedia&parent=754"}],"curies":[{"name":"wp","href":"https:\/\/api.w.org\/{rel}","templated":true}]}}